{"id":9963,"date":"2025-11-18T15:11:39","date_gmt":"2025-11-18T07:11:39","guid":{"rendered":"https:\/\/whisky-age.com\/whisky\/?post_type=product&#038;p=9963"},"modified":"2025-11-18T17:26:58","modified_gmt":"2025-11-18T09:26:58","slug":"roger-groult-autrement-pomme-aperitif-a-base-de-calvados-pays-dauge-26","status":"publish","type":"product","link":"https:\/\/whisky-age.com\/whisky\/product\/roger-groult-autrement-pomme-aperitif-a-base-de-calvados-pays-dauge-26\/","title":{"rendered":"Roger Groult, Autrement Pomme Ap\u00e9ritif \u00e0 base de Calvados Pays d&#8217;Auge 26%"},"content":{"rendered":"<p>Roger Groult, Autrement Pomme, Ap\u00e9ritif \u00e0 base de Calvados Pays d&#8217;Auge, 26%<\/p>\n<p>\u30fb\u3000\u30fb\u3000\u30fb<\/p>\n<p><strong>\u54c1\u98f2\u7b46\u8a18<\/strong><br \/>\n\u200b<br \/>\n\u9999\u6c23\uff1a\u9999\u6c1b\u7682\u3001\u897f\u6d0b\u68a8\u3001\u860b\u679c\u7cd6\u6f3f\u3001\u8584\u8377\u3002<\/p>\n<p>\u53e3\u611f\uff1a\u6885\u9152\u611f\u860b\u679c\u68a8\u5b50\u6c41\u3001\u5fae\u5fae\u6728\u8cea\u3001\u6e05\u723d\u751c\u7f8e\u3002<\/p>\n<p>\u5c3e\u97fb\uff1a\u860b\u679c\u6885\u9152\u3001\u6e05\u751c\u5b9c\u4eba\u3002<\/p>\n<p>\u30fb\u3000\u30fb\u3000\u30fb<\/p>\n<p>\u4e5f\u6b61\u8fce\u52a0\u5165\u00a0<a href=\"https:\/\/reurl.cc\/qOR9Xg\">LINE \u793e\u7fa4\u300a\u827e\u96f7\u91cd\u64ca\u30fb\u805a\u843d\u300b<\/a>\u00a0\u4e00\u8d77\u8a0e\u8ad6\u3002<\/p>\n","protected":false},"excerpt":{"rendered":"<p>\u985e\u578b Type\uff1aAp\u00e9ritif \u751c\u9ede\u9152<br \/>\n\u9152\u838a Domaine\uff1aRoger GROULT<br \/>\n\u5bb9\u91cf Volume\uff1a700 ml<br \/>\n\u9152\u7cbe\u6fc3\u5ea6 Strength\uff1a26%<\/p>\n<p>\u203b \u4ee5 6\u5e74 Calvados \u70ba\u57fa\u5e95\u8abf\u5165\u860b\u679c\u539f\u6c41\uff0c\u518d\u65bc\u6a61\u6728\u6876\u719f\u6210\u6578\u5e74\u800c\u6210\u3002<\/p>\n","protected":false},"featured_media":9977,"template":"","meta":{"_uag_custom_page_level_css":"","site-sidebar-layout":"default","site-content-layout":"","ast-site-content-layout":"default","site-content-style":"default","site-sidebar-style":"default","ast-global-header-display":"","ast-banner-title-visibility":"","ast-main-header-display":"","ast-hfb-above-header-display":"","ast-hfb-below-header-display":"","ast-hfb-mobile-header-display":"","site-post-title":"","ast-breadcrumbs-content":"","ast-featured-img":"","footer-sml-layout":"","ast-disable-related-posts":"","theme-transparent-header-meta":"default","adv-header-id-meta":"","stick-header-meta":"default","header-above-stick-meta":"","header-main-stick-meta":"","header-below-stick-meta":"","astra-migrate-meta-layouts":"set","ast-page-background-enabled":"default","ast-page-background-meta":{"desktop":{"background-color":"var(--ast-global-color-4)","background-image":"","background-repeat":"repeat","background-position":"center center","background-size":"auto","background-attachment":"scroll","background-type":"","background-media":"","overlay-type":"","overlay-color":"","overlay-opacity":"","overlay-gradient":""},"tablet":{"background-color":"","background-image":"","background-repeat":"repeat","background-position":"center center","background-size":"auto","background-attachment":"scroll","background-type":"","background-media":"","overlay-type":"","overlay-color":"","overlay-opacity":"","overlay-gradient":""},"mobile":{"background-color":"","background-image":"","background-repeat":"repeat","background-position":"center center","background-size":"auto","background-attachment":"scroll","background-type":"","background-media":"","overlay-type":"","overlay-color":"","overlay-opacity":"","overlay-gradient":""}},"ast-content-background-meta":{"desktop":{"background-color":"var(--ast-global-color-5)","background-image":"","background-repeat":"repeat","background-position":"center center","background-size":"auto","background-attachment":"scroll","background-type":"","background-media":"","overlay-type":"","overlay-color":"","overlay-opacity":"","overlay-gradient":""},"tablet":{"background-color":"var(--ast-global-color-5)","background-image":"","background-repeat":"repeat","background-position":"center center","background-size":"auto","background-attachment":"scroll","background-type":"","background-media":"","overlay-type":"","overlay-color":"","overlay-opacity":"","overlay-gradient":""},"mobile":{"background-color":"var(--ast-global-color-5)","background-image":"","background-repeat":"repeat","background-position":"center center","background-size":"auto","background-attachment":"scroll","background-type":"","background-media":"","overlay-type":"","overlay-color":"","overlay-opacity":"","overlay-gradient":""}}},"product_brand":[],"product_cat":[15,1449,1569,1570],"product_tag":[1580,1581,1566],"class_list":{"0":"post-9963","1":"product","2":"type-product","3":"status-publish","4":"has-post-thumbnail","6":"product_cat-by-the-glass-lists","7":"product_cat-calvados","8":"product_cat-roger-groult","9":"product_cat-roger-groult-calvados","10":"product_tag-aperitif-a-base-de-calvados-pays-dauge","11":"product_tag-autrement-pomme","12":"product_tag-roger-groult","13":"desktop-align-left","14":"tablet-align-left","15":"mobile-align-left","16":"ast-product-gallery-layout-horizontal-slider","17":"ast-product-tabs-layout-accordion","18":"ast-qv-on-image","20":"first","21":"instock","22":"shipping-taxable","23":"purchasable","24":"product-type-simple"},"uagb_featured_image_src":{"full":["https:\/\/whisky-age.com\/whisky\/wp-content\/uploads\/2025\/11\/Autrement-Pomme-Aperitif-a-base-de-Calvados-Pays-dAuge_26.jpg",960,1443,false],"thumbnail":["https:\/\/whisky-age.com\/whisky\/wp-content\/uploads\/2025\/11\/Autrement-Pomme-Aperitif-a-base-de-Calvados-Pays-dAuge_26-150x150.jpg",150,150,true],"medium":["https:\/\/whisky-age.com\/whisky\/wp-content\/uploads\/2025\/11\/Autrement-Pomme-Aperitif-a-base-de-Calvados-Pays-dAuge_26-200x300.jpg",200,300,true],"medium_large":["https:\/\/whisky-age.com\/whisky\/wp-content\/uploads\/2025\/11\/Autrement-Pomme-Aperitif-a-base-de-Calvados-Pays-dAuge_26-768x1154.jpg",768,1154,true],"large":["https:\/\/whisky-age.com\/whisky\/wp-content\/uploads\/2025\/11\/Autrement-Pomme-Aperitif-a-base-de-Calvados-Pays-dAuge_26-681x1024.jpg",681,1024,true],"1536x1536":["https:\/\/whisky-age.com\/whisky\/wp-content\/uploads\/2025\/11\/Autrement-Pomme-Aperitif-a-base-de-Calvados-Pays-dAuge_26.jpg",960,1443,false],"2048x2048":["https:\/\/whisky-age.com\/whisky\/wp-content\/uploads\/2025\/11\/Autrement-Pomme-Aperitif-a-base-de-Calvados-Pays-dAuge_26.jpg",960,1443,false],"woocommerce_thumbnail":["https:\/\/whisky-age.com\/whisky\/wp-content\/uploads\/2025\/11\/Autrement-Pomme-Aperitif-a-base-de-Calvados-Pays-dAuge_26-300x451.jpg",300,451,true],"woocommerce_single":["https:\/\/whisky-age.com\/whisky\/wp-content\/uploads\/2025\/11\/Autrement-Pomme-Aperitif-a-base-de-Calvados-Pays-dAuge_26-600x902.jpg",600,902,true],"woocommerce_gallery_thumbnail":["https:\/\/whisky-age.com\/whisky\/wp-content\/uploads\/2025\/11\/Autrement-Pomme-Aperitif-a-base-de-Calvados-Pays-dAuge_26-100x100.jpg",100,100,true]},"uagb_author_info":{"display_name":"admin","author_link":"https:\/\/whisky-age.com\/whisky\/author\/"},"uagb_comment_info":0,"uagb_excerpt":"\u985e\u578b Type\uff1aAp\u00e9ritif \u751c\u9ede\u9152 \u9152\u838a Domaine\uff1aRoger GROULT \u5bb9\u91cf Volume\uff1a...","_links":{"self":[{"href":"https:\/\/whisky-age.com\/whisky\/wp-json\/wp\/v2\/product\/9963","targetHints":{"allow":["GET"]}}],"collection":[{"href":"https:\/\/whisky-age.com\/whisky\/wp-json\/wp\/v2\/product"}],"about":[{"href":"https:\/\/whisky-age.com\/whisky\/wp-json\/wp\/v2\/types\/product"}],"wp:featuredmedia":[{"embeddable":true,"href":"https:\/\/whisky-age.com\/whisky\/wp-json\/wp\/v2\/media\/9977"}],"wp:attachment":[{"href":"https:\/\/whisky-age.com\/whisky\/wp-json\/wp\/v2\/media?parent=9963"}],"wp:term":[{"taxonomy":"product_brand","embeddable":true,"href":"https:\/\/whisky-age.com\/whisky\/wp-json\/wp\/v2\/product_brand?post=9963"},{"taxonomy":"product_cat","embeddable":true,"href":"https:\/\/whisky-age.com\/whisky\/wp-json\/wp\/v2\/product_cat?post=9963"},{"taxonomy":"product_tag","embeddable":true,"href":"https:\/\/whisky-age.com\/whisky\/wp-json\/wp\/v2\/product_tag?post=9963"}],"curies":[{"name":"wp","href":"https:\/\/api.w.org\/{rel}","templated":true}]}}