{"id":9182,"date":"2025-06-17T13:36:53","date_gmt":"2025-06-17T05:36:53","guid":{"rendered":"https:\/\/whisky-age.com\/whisky\/?post_type=product&#038;p=9182"},"modified":"2025-06-17T13:53:00","modified_gmt":"2025-06-17T05:53:00","slug":"smogen-10yo-2025-oloroso-sherry-hogshead-51-4","status":"publish","type":"product","link":"https:\/\/whisky-age.com\/whisky\/product\/smogen-10yo-2025-oloroso-sherry-hogshead-51-4\/","title":{"rendered":"Sm\u00f6gen 10yo 2025 Oloroso Sherry Hogshead 51.4%"},"content":{"rendered":"<p>Sm\u00f6gen, Sm\u00f6gen 10yo, 2025, 10yo, Oloroso Sherry Hogshead, 51.4%<\/p>\n<p>\u30fb\u3000\u30fb\u3000\u30fb<\/p>\n<p>\u9999\u6c23: \u8f15\u67d4\u7684\u786b\u5473\u8207\u9ed1\u8461\u8404\u4e7e\u3001\u8089\u7684\u806f\u60f3\u3001\u516b\u89d2\u3001\u6bdb\u76ae\u3001\u9999\u8349\u690d\u7269\u7cbe\u6cb9\uff0c\u9192\u4e00\u4e0b\u5f8c\u51fa\u73fe\u767d\u8461\u8404\u4e7e\u8207\u6885\u7c89\u3002<\/p>\n<p>\u53e3\u611f: \u50cf\u65e5\u672c\u9152\u719f\u6210\u9152\u90a3\u6a23\u7684\u6e05\u723d\u786b\u611f\u3001\u67d1\u6a58\u3001\u76ae\u9769\u3001\u7159\u71fb\u3001\u53ef\u53ef\u8c46\u3001\u6728\u8cea\u55ae\u5be7\u3001\u9e79\u751c\u871c\u991e\u3001\u6885\u7c89\u3001\u516b\u89d2\u3001\u9752\u8349\u8336\u3001\u9e79\u6a44\u6b16\u3001\u7159\u71fb\u8336\u9d5d\u3001\u5de7\u514b\u529b\u3002<\/p>\n<p>\u5c3e\u97fb: \u9577\u3002\u6728\u8cea\u55ae\u5be7\u6536\u6582\u611f\u5ef6\u7e8c\u3001\u5e36\u6ab8\u6aac\u8349\u8abf\u6027\u7684\u786b\u5473\u8207\u6ce5\u7164\u7898\u5473\u4ea4\u7e54\u3001\u83f8\u8349\u3001\u4ed9\u8349\u3001\u8336\u611f\u3002<\/p>\n<p>\u30fb\u3000\u30fb\u3000\u30fb<\/p>\n<p>\u73fe\u8ca8\u4f9b\u61c9\u4e2d\uff0c\u6b61\u8fce\u6d3d\u8a62\u00a0<a href=\"https:\/\/whisky-age.com\/ww-distributors\/\">\u6d77\u5167\u5916\u5404\u5927\u5408\u4f5c\u7d93\u92b7\u5546<\/a>\uff1b\u6216\u76f4\u63a5\u8207\u6211\u5011\u81c9\u66f8\u7684\u00a0<a href=\"https:\/\/www.facebook.com\/groups\/whisky.age\">\u827e\u96f7\u91cd\u64ca Whisky AGE \u5a01\u58eb\u5fcc\u793e\u5718<\/a>\u00a0\u806f\u7e6b\u3002<\/p>\n<p>\u6b61\u8fce\u52a0\u5165\u00a0<a href=\"https:\/\/reurl.cc\/qOR9Xg\">LINE \u793e\u7fa4\u300a\u827e\u96f7\u91cd\u64ca\u30fb\u805a\u843d\u300b<\/a>\u00a0\u4e00\u8d77\u8a0e\u8ad6\u3002<\/p>\n","protected":false},"excerpt":{"rendered":"<p>\u54c1\u540d Product Name\uff1aSm\u00f6gen 10yo<br \/>\n\u7522\u5340 Region\uff1aSweden<br \/>\n\u88dd\u74f6\u54c1\u724c Bottling Brand\uff1aSm\u00f6gen<br \/>\n\u84b8\u993e\u5e74 Distilled\uff1a-<br \/>\n\u88dd\u74f6\u5e74 Bottled\uff1a2025<br \/>\n\u9ea5\u82bd Malt\uff1aPeated Concerto Barley<br \/>\n\u6876\u578b Cask Type\uff1aOloroso Sherry Hogshead<br \/>\n\u6876\u865f Cask Number\uff1a-<br \/>\n\u7e3d\u88dd\u74f6\u6578 Number of Bottles\uff1a1490<br \/>\n\u5bb9\u91cf Volume\uff1a500 ml<br \/>\n\u9152\u7cbe\u6fc3\u5ea6 Strength\uff1a51.4%<\/p>\n","protected":false},"featured_media":9195,"template":"","meta":{"_uag_custom_page_level_css":"","site-sidebar-layout":"default","site-content-layout":"","ast-site-content-layout":"default","site-content-style":"default","site-sidebar-style":"default","ast-global-header-display":"","ast-banner-title-visibility":"","ast-main-header-display":"","ast-hfb-above-header-display":"","ast-hfb-below-header-display":"","ast-hfb-mobile-header-display":"","site-post-title":"","ast-breadcrumbs-content":"","ast-featured-img":"","footer-sml-layout":"","ast-disable-related-posts":"","theme-transparent-header-meta":"default","adv-header-id-meta":"","stick-header-meta":"default","header-above-stick-meta":"","header-main-stick-meta":"","header-below-stick-meta":"","astra-migrate-meta-layouts":"set","ast-page-background-enabled":"default","ast-page-background-meta":{"desktop":{"background-color":"var(--ast-global-color-4)","background-image":"","background-repeat":"repeat","background-position":"center center","background-size":"auto","background-attachment":"scroll","background-type":"","background-media":"","overlay-type":"","overlay-color":"","overlay-opacity":"","overlay-gradient":""},"tablet":{"background-color":"","background-image":"","background-repeat":"repeat","background-position":"center center","background-size":"auto","background-attachment":"scroll","background-type":"","background-media":"","overlay-type":"","overlay-color":"","overlay-opacity":"","overlay-gradient":""},"mobile":{"background-color":"","background-image":"","background-repeat":"repeat","background-position":"center center","background-size":"auto","background-attachment":"scroll","background-type":"","background-media":"","overlay-type":"","overlay-color":"","overlay-opacity":"","overlay-gradient":""}},"ast-content-background-meta":{"desktop":{"background-color":"var(--ast-global-color-5)","background-image":"","background-repeat":"repeat","background-position":"center center","background-size":"auto","background-attachment":"scroll","background-type":"","background-media":"","overlay-type":"","overlay-color":"","overlay-opacity":"","overlay-gradient":""},"tablet":{"background-color":"var(--ast-global-color-5)","background-image":"","background-repeat":"repeat","background-position":"center center","background-size":"auto","background-attachment":"scroll","background-type":"","background-media":"","overlay-type":"","overlay-color":"","overlay-opacity":"","overlay-gradient":""},"mobile":{"background-color":"var(--ast-global-color-5)","background-image":"","background-repeat":"repeat","background-position":"center center","background-size":"auto","background-attachment":"scroll","background-type":"","background-media":"","overlay-type":"","overlay-color":"","overlay-opacity":"","overlay-gradient":""}}},"product_brand":[],"product_cat":[15,1330,1473],"product_tag":[1405,1485,1486,1469],"class_list":{"0":"post-9182","1":"product","2":"type-product","3":"status-publish","4":"has-post-thumbnail","6":"product_cat-by-the-glass-lists","7":"product_cat-sweden","8":"product_cat-smogen","9":"product_tag-10yo","10":"product_tag-1485","11":"product_tag-oloroso-sherry-hogshead","12":"product_tag-smogen","13":"desktop-align-left","14":"tablet-align-left","15":"mobile-align-left","16":"ast-product-gallery-layout-horizontal-slider","17":"ast-product-tabs-layout-accordion","18":"ast-qv-on-image","20":"first","21":"instock","22":"shipping-taxable","23":"purchasable","24":"product-type-simple"},"uagb_featured_image_src":{"full":["https:\/\/whisky-age.com\/whisky\/wp-content\/uploads\/2025\/06\/Smogen-10-yo_51.4-1.jpg",960,1443,false],"thumbnail":["https:\/\/whisky-age.com\/whisky\/wp-content\/uploads\/2025\/06\/Smogen-10-yo_51.4-1-150x150.jpg",150,150,true],"medium":["https:\/\/whisky-age.com\/whisky\/wp-content\/uploads\/2025\/06\/Smogen-10-yo_51.4-1-200x300.jpg",200,300,true],"medium_large":["https:\/\/whisky-age.com\/whisky\/wp-content\/uploads\/2025\/06\/Smogen-10-yo_51.4-1-768x1154.jpg",768,1154,true],"large":["https:\/\/whisky-age.com\/whisky\/wp-content\/uploads\/2025\/06\/Smogen-10-yo_51.4-1-681x1024.jpg",681,1024,true],"1536x1536":["https:\/\/whisky-age.com\/whisky\/wp-content\/uploads\/2025\/06\/Smogen-10-yo_51.4-1.jpg",960,1443,false],"2048x2048":["https:\/\/whisky-age.com\/whisky\/wp-content\/uploads\/2025\/06\/Smogen-10-yo_51.4-1.jpg",960,1443,false],"woocommerce_thumbnail":["https:\/\/whisky-age.com\/whisky\/wp-content\/uploads\/2025\/06\/Smogen-10-yo_51.4-1-300x451.jpg",300,451,true],"woocommerce_single":["https:\/\/whisky-age.com\/whisky\/wp-content\/uploads\/2025\/06\/Smogen-10-yo_51.4-1-600x902.jpg",600,902,true],"woocommerce_gallery_thumbnail":["https:\/\/whisky-age.com\/whisky\/wp-content\/uploads\/2025\/06\/Smogen-10-yo_51.4-1-100x100.jpg",100,100,true]},"uagb_author_info":{"display_name":"admin","author_link":"https:\/\/whisky-age.com\/whisky\/author\/"},"uagb_comment_info":0,"uagb_excerpt":"\u54c1\u540d Product Name\uff1aSm\u00f6gen 10yo \u7522\u5340 Region\uff1aSweden \u88dd\u74f6\u54c1\u724c Bottl...","_links":{"self":[{"href":"https:\/\/whisky-age.com\/whisky\/wp-json\/wp\/v2\/product\/9182","targetHints":{"allow":["GET"]}}],"collection":[{"href":"https:\/\/whisky-age.com\/whisky\/wp-json\/wp\/v2\/product"}],"about":[{"href":"https:\/\/whisky-age.com\/whisky\/wp-json\/wp\/v2\/types\/product"}],"wp:featuredmedia":[{"embeddable":true,"href":"https:\/\/whisky-age.com\/whisky\/wp-json\/wp\/v2\/media\/9195"}],"wp:attachment":[{"href":"https:\/\/whisky-age.com\/whisky\/wp-json\/wp\/v2\/media?parent=9182"}],"wp:term":[{"taxonomy":"product_brand","embeddable":true,"href":"https:\/\/whisky-age.com\/whisky\/wp-json\/wp\/v2\/product_brand?post=9182"},{"taxonomy":"product_cat","embeddable":true,"href":"https:\/\/whisky-age.com\/whisky\/wp-json\/wp\/v2\/product_cat?post=9182"},{"taxonomy":"product_tag","embeddable":true,"href":"https:\/\/whisky-age.com\/whisky\/wp-json\/wp\/v2\/product_tag?post=9182"}],"curies":[{"name":"wp","href":"https:\/\/api.w.org\/{rel}","templated":true}]}}