{"id":8188,"date":"2024-06-07T15:01:02","date_gmt":"2024-06-07T07:01:02","guid":{"rendered":"https:\/\/whisky-age.com\/whisky\/?post_type=product&#038;p=8188"},"modified":"2024-06-07T15:13:26","modified_gmt":"2024-06-07T07:13:26","slug":"killowen-barantuil-irish-whiskey-3-years-old","status":"publish","type":"product","link":"https:\/\/whisky-age.com\/whisky\/product\/killowen-barantuil-irish-whiskey-3-years-old\/","title":{"rendered":"Killowen Bar\u00e1nt\u00fail Irish Whiskey 3 Years Old"},"content":{"rendered":"<p>Killowen, Bar\u00e1nt\u00fail Irish Whiskey, 3yo, for Whisky AGE<\/p>\n<p>\u3010\u9152\u6b3e\u4ecb\u7d39\u3011<\/p>\n<p>\u9019\u6b3e\u5c6c\u65bc\u611b\u723e\u862d\u65b0\u661f\u9152\u5ee0\u5947\u6d1b\u6587 Killowen Distillery \u7684\u4fe1\u5fc3\u4e4b\u4f5c\u300aBar\u00e1nt\u00fail\u300b\u7cfb\u5217\uff0c\u8a66\u5716\u5448\u73fe\u4ed6\u5011\u8a8d\u70ba\u50b3\u7d71\u611b\u723e\u862d\u5a01\u58eb\u5fcc\u61c9\u6709\u7684\u6a23\u8c8c\u3002\u7531\u65bc\u8207\u73fe\u5728\u300cPot Still\u300d\u6cd5\u898f\u5b9a\u7fa9\u4e0d\u7b26\uff0c\u56e0\u6b64\u9019\u6b3e\u9152\u53ea\u80fd\u6a19\u793a\u70ba\u300cIrish Whiskey\u300d\u3002<\/p>\n<p>\u9075\u5faa\u611b\u723e\u862d\u4eba\u6700\u521d\u88fd\u4f5c\u5a01\u58eb\u5fcc\u6642\uff0c\u5747\u4f7f\u7528\u9ebb\u5e03\u888b\u505a\u539f\u6599\u7684\u6e2c\u91cf\uff0c\u6b64\u6b3e\u9152\u6e05\u695a\u6a19\u793a\u4e86\u7a40\u7269\u6240\u4f7f\u7528\u7684\u6bd4\u4f8b\uff1a3\u888b\u672a\u767c\u82bd\u5927\u9ea5\u30017\u888b\u7159\u71fb\u9ea5\u82bd\u30012\u888b\u71d5\u9ea5\u30011\u888b\u5c0f\u9ea5\u548c 1\u888b\u88f8\u9ea5\u3002\u4f86\u6e90\u6709\u4e00\u534a\u662f\u611b\u723e\u862d\u7576\u5730\uff0c\u4e00\u534a\u4f86\u81ea\u65bc\u82f1\u570b\u548c\u8607\u683c\u862d\u3002\u901a\u901a\u6703\u5728\u9152\u5ee0\u73fe\u5834\u7814\u78e8\u5f8c\u518d\u9032\u884c\u7cd6\u5316\u3002<\/p>\n<p>\u7d93\u904e\u6236\u5916\u767c\u9175\uff0c\u4e26\u5728 12\u5c0f\u6642\u7684\u7de9\u6162\u76f4\u706b\u84b8\u993e\u53ca\u87f2\u6876\u51b7\u51dd\u5f8c\uff0c\u900f\u904e\u6280\u5e2b\u7576\u5929\u7684\u55c5\u89ba\u53bb\u5224\u65b7\u53d6\u9152\u5fc3\u7684\u6642\u9593\u9ede\uff0c\u63a5\u8457\u653e\u7f6e\u65bc 120\u516c\u5347\u7684 1\/4\u6ce2\u672c\u6876\uff08Bourbon Quarter Cask\uff09\u719f\u6210\u3002\u9152\u5ee0\u9078\u7528\u4e86 2019\u5e74 8\u6708\u5165\u6876\u7684 Cask 019 \u548c 2020\u5e74 2\u6708\u5165\u6876\u7684 Cask 044 \u9019\u5169\u6876\u76f8\u4e92\u52fe\u514c\u5f8c\uff0c\u518d\u653e\u5165 250\u516c\u5347\u8336\u8272\u6ce2\u7279\u9152\u6876\uff08Tawny Pory Cask\uff09\u63db\u6876\u719f\u6210\u3002\u6700\u7d42\u5448\u73fe\u51fa\u7f8e\u5999\u7684\u7d05\u8910\u8272\u6fa4\u8207\u7159\u71fb\u679c\u9999\u3002<\/p>\n<p>&nbsp;<\/p>\n<p>\u3010\u9152\u5ee0\u4ecb\u7d39\u3011<\/p>\n<p>\u5c0f\u5de7\u7cbe\u7f8e\uff0c\u5b8c\u5168\u53ef\u4ee5\u8aaa\u662f\u611b\u723e\u862d\u65b0\u661f\u9152\u5ee0 Killowen Distillery \u7684\u6700\u4f73\u5beb\u7167\uff01\u5750\u843d\u5728\u83ab\u6069\uff08Mournes\uff09\u7684\u4e2d\u5fc3\u5730\u5e36\uff0c\u88ab\u7dbf\u5ef6\u4e0d\u7d55\u3001\u7de9\u7de9\u5ef6\u4f38\u81f3\u6d77\u908a\u7684\u5c71\u4e18\u6240\u5305\u570d\u3002Killowen Distillery \u878d\u5408\u4e86\u53e4\u8001\u7684\u50b3\u7d71\u548c\u6700\u512a\u8cea\u7684\u81ea\u7136\u8cc7\u6e90\uff0c\u8981\u91c0\u9020\u51fa\u4e16\u754c\u7d1a\u7684\u5de5\u85dd\u70c8\u9152\u3002<\/p>\n<p>\u7531 Brendan Carty \u6240\u6210\u7acb\u9019\u5bb6\u5fae\u578b\u9152\u5ee0\uff0c\u904e\u53bb\u5728\u6fb3\u6d32\u7684\u5efa\u7bc9\u7d93\u6b77\u8b93\u4ed6\u4f7f\u7528\u53ef\u56de\u6536\u6750\u8cea\u5efa\u9020\u4e86\u9019\u5bb6\u9152\u5ee0\u3002\u4ee5\u6700\u50b3\u7d71\u7684\u624b\u5de5\u65b9\u5f0f\u88fd\u9152\uff0c\u716e\u597d\u7684\u9ea5\u6c41\u653e\u7f6e\u6236\u5916\u767c\u9175\uff0c\u900f\u904e\u91ce\u751f\u9175\u6bcd\u8ce6\u4e88\u8ff7\u4eba\u7684\u916f\u985e\u98a8\u5473\uff0c\u76f4\u706b\u84b8\u993e\u5c07\u6b98\u7559\u5728\u84b8\u993e\u5668\u5e95\u90e8\u7684\u7cd6\u5206\u8207\u86cb\u767d\u8cea\u71d2\u7126\u7522\u751f\u300c\u6885\u7d0d\u53cd\u61c9\u300d\u5ef6\u4f38\u51fa\u7368\u7279\u98a8\u5473\uff0c\u7d93\u7531\u87f2\u6876\u51b7\u51dd\u5f8c\u7522\u51fa\u7684\u65b0\u9152\u300c\u9152\u982d\u300d\u3001\u300c\u9152\u5fc3\u300d\u548c\u300c\u9152\u5c3e\u300d\u5247\u662f\u6191\u85c9\u84b8\u993e\u5e2b\u7576\u5929\u55c5\u89ba\u72c0\u6cc1\u4f86\u505a\u5224\u65b7\uff0c\u6240\u6709\u88fd\u7a0b\u7336\u5982\u611b\u723e\u862d\u5a01\u58eb\u5fcc\u6700\u521d\u8a95\u751f\u6642\u7684\u6a23\u8c8c\u3002<\/p>\n<p>\u9664\u6b64\u4e4b\u5916\uff0cKillowen Distillery \u5728 Icons of Whisky Ireland 2024 \u7372\u5f97 Best Production Team (\u6700\u4f73\u88fd\u4f5c\u5718\u968a\uff09\u548c Best Brand Ambassador\uff08\u6700\u4f73\u54c1\u724c\u5927\u4f7f\uff09\u5169\u9805\u91d1\u724c\u6b8a\u69ae\u3002<br \/>\n\u5fe0\u65bc\u50b3\u7d71\u88fd\u6cd5\uff0c\u8981\u5c07\u66fe\u7d93\u6d88\u901d\u7684\u98a8\u5473\u518d\u6b21\u5e36\u56de\u4e16\u4e0a\uff0c\u9019\u5c31\u662f Killowen Distillery\u3002<\/p>\n<p><a href=\"https:\/\/www.killowendistillery.com\/\">\u5b98\u65b9\u7db2\u7ad9<\/a>\uff1ahttps:\/\/www.killowendistillery.com\/<br \/>\n<a href=\"https:\/\/www.facebook.com\/KillowenDistillery\">\u5b98\u65b9\u7c89\u7d72\u9801<\/a>\uff1ahttps:\/\/www.facebook.com\/KillowenDistillery<\/p>\n<p>&nbsp;<\/p>\n<p><strong>\u3010\u54c1\u98f2\u7b46\u8a18\u3011<\/strong><br \/>\n\u200b<br \/>\n\u9999\u6c23\uff1a\u67d4\u9806\u751c\u7f8e\u7684\u7159\u71fb\u679c\u9999\u3001\u6885\u674e\u871c\u991e\u9e79\u751c\u611f\u3001\u8393\u679c\u3001\u67d1\u6a58\u3001\u65b0\u9bae\u9ea5\u82bd\u3001\u592a\u5983\u7cd6\u3001\u5976\u6cb9\u3001\u7518\u8349\u3001\u8089\u6842\u8207\u8f9b\u9999\u6599<\/p>\n<p>\u53e3\u611f\uff1a\u525b\u5165\u53e3\u6709\u4e9b\u5fae\u8393\u679c\u679c\u9178\u3001\u7159\u71fb\u3001\u67d1\u6a58\u3001\u679c\u91ac\u3001\u5976\u6cb9\u3001\u9ea5\u82bd\u3001\u8349\u672c\u3001\u8373\u853b\u8207\u8f9b\u9999\u6599<\/p>\n<p>\u5c3e\u97fb\uff1a\u77ed\u5c3e\u97fb\u3002\u8393\u679c\u3001\u67d1\u6a58\u3001\u4e7e\u679c\u3001\u5976\u6cb9\u3001\u9ea5\u82bd\u3001\u6728\u8cea\u3001\u7159\u71fb\u8349\u672c\u8207\u8f9b\u9999\u6599<\/p>\n<p>\u30fb\u3000\u30fb\u3000\u30fb<\/p>\n<p>\u300a\u827e\u96f7\u91cd\u64ca\u30fb\u54c1\u724c\u6982\u5ff5\u5e97\u300b\u63d0\u4f9b\u55ae\u676f\u53ca\u8ca9\u552e\u6574\u74f6\uff0c\u6b61\u8fce\u524d\u4f86\u54c1\u5690\uff1b\u6216\u76f4\u63a5\u8207\u6211\u5011\u81c9\u66f8\u7684 <a href=\"https:\/\/www.facebook.com\/groups\/whisky.age\">\u827e\u96f7\u91cd\u64ca Whisky AGE \u5a01\u58eb\u5fcc\u793e\u5718<\/a>\u00a0\u806f\u7e6b\u3002<\/p>\n<p>\u4e5f\u6b61\u8fce\u52a0\u5165\u00a0<a href=\"https:\/\/reurl.cc\/qOR9Xg\">LINE \u793e\u7fa4\u300a\u827e\u96f7\u91cd\u64ca\u30fb\u805a\u843d\u300b<\/a>\u00a0\u4e00\u8d77\u8a0e\u8ad6\u3002<\/p>\n","protected":false},"excerpt":{"rendered":"<p>\u84b8\u993e\u5ee0\uff1aKillowen \u5947\u6d1b\u6587<br \/>\n\u84b8\u993e\u5e74\uff1aCask 019(2019\/08\/28) + Cask 044(2020\/02\/12)<br \/>\n\u88dd\u74f6\u5e74\uff1a2023\/06<br \/>\n\u9152\u9f61\uff1a3yo<br \/>\n\u6876\u578b\uff1a250L Tawny Port<br \/>\n\u6876\u865f\uff1aKD202<br \/>\n\u5bb9\u91cf\uff1a500ml<br \/>\n\u9152\u7cbe\u6fc3\u5ea6\uff1a56.05%<br \/>\n\u7e3d\u88dd\u74f6\u6578\uff1a476<\/p>\n","protected":false},"featured_media":8201,"template":"","meta":{"_uag_custom_page_level_css":"","site-sidebar-layout":"default","site-content-layout":"","ast-site-content-layout":"default","site-content-style":"default","site-sidebar-style":"default","ast-global-header-display":"","ast-banner-title-visibility":"","ast-main-header-display":"","ast-hfb-above-header-display":"","ast-hfb-below-header-display":"","ast-hfb-mobile-header-display":"","site-post-title":"","ast-breadcrumbs-content":"","ast-featured-img":"","footer-sml-layout":"","ast-disable-related-posts":"","theme-transparent-header-meta":"default","adv-header-id-meta":"","stick-header-meta":"default","header-above-stick-meta":"","header-main-stick-meta":"","header-below-stick-meta":"","astra-migrate-meta-layouts":"set","ast-page-background-enabled":"default","ast-page-background-meta":{"desktop":{"background-color":"var(--ast-global-color-4)","background-image":"","background-repeat":"repeat","background-position":"center center","background-size":"auto","background-attachment":"scroll","background-type":"","background-media":"","overlay-type":"","overlay-color":"","overlay-opacity":"","overlay-gradient":""},"tablet":{"background-color":"","background-image":"","background-repeat":"repeat","background-position":"center center","background-size":"auto","background-attachment":"scroll","background-type":"","background-media":"","overlay-type":"","overlay-color":"","overlay-opacity":"","overlay-gradient":""},"mobile":{"background-color":"","background-image":"","background-repeat":"repeat","background-position":"center center","background-size":"auto","background-attachment":"scroll","background-type":"","background-media":"","overlay-type":"","overlay-color":"","overlay-opacity":"","overlay-gradient":""}},"ast-content-background-meta":{"desktop":{"background-color":"var(--ast-global-color-5)","background-image":"","background-repeat":"repeat","background-position":"center center","background-size":"auto","background-attachment":"scroll","background-type":"","background-media":"","overlay-type":"","overlay-color":"","overlay-opacity":"","overlay-gradient":""},"tablet":{"background-color":"var(--ast-global-color-5)","background-image":"","background-repeat":"repeat","background-position":"center center","background-size":"auto","background-attachment":"scroll","background-type":"","background-media":"","overlay-type":"","overlay-color":"","overlay-opacity":"","overlay-gradient":""},"mobile":{"background-color":"var(--ast-global-color-5)","background-image":"","background-repeat":"repeat","background-position":"center center","background-size":"auto","background-attachment":"scroll","background-type":"","background-media":"","overlay-type":"","overlay-color":"","overlay-opacity":"","overlay-gradient":""}}},"product_brand":[],"product_cat":[15,27,34,1162,1163],"product_tag":[1166,610,1152],"class_list":{"0":"post-8188","1":"product","2":"type-product","3":"status-publish","4":"has-post-thumbnail","6":"product_cat-by-the-glass-lists","7":"product_cat-ireland","8":"product_cat-whisky","9":"product_cat-killowen","10":"product_cat-killowen-2-ireland","11":"product_tag-barantuil","12":"product_tag-ireland","13":"product_tag-killowen","14":"desktop-align-left","15":"tablet-align-left","16":"mobile-align-left","17":"ast-product-gallery-layout-horizontal-slider","18":"ast-product-tabs-layout-accordion","19":"ast-qv-on-image","21":"first","22":"instock","23":"shipping-taxable","24":"purchasable","25":"product-type-simple"},"uagb_featured_image_src":{"full":["https:\/\/whisky-age.com\/whisky\/wp-content\/uploads\/2024\/06\/Peated-Irish-Whiskey_2-jpg.webp",960,1443,false],"thumbnail":["https:\/\/whisky-age.com\/whisky\/wp-content\/uploads\/2024\/06\/Peated-Irish-Whiskey_2-jpg-150x150.webp",150,150,true],"medium":["https:\/\/whisky-age.com\/whisky\/wp-content\/uploads\/2024\/06\/Peated-Irish-Whiskey_2-jpg-200x300.webp",200,300,true],"medium_large":["https:\/\/whisky-age.com\/whisky\/wp-content\/uploads\/2024\/06\/Peated-Irish-Whiskey_2-jpg-768x1154.webp",768,1154,true],"large":["https:\/\/whisky-age.com\/whisky\/wp-content\/uploads\/2024\/06\/Peated-Irish-Whiskey_2-jpg-681x1024.webp",681,1024,true],"1536x1536":["https:\/\/whisky-age.com\/whisky\/wp-content\/uploads\/2024\/06\/Peated-Irish-Whiskey_2-jpg.webp",960,1443,false],"2048x2048":["https:\/\/whisky-age.com\/whisky\/wp-content\/uploads\/2024\/06\/Peated-Irish-Whiskey_2-jpg.webp",960,1443,false],"woocommerce_thumbnail":["https:\/\/whisky-age.com\/whisky\/wp-content\/uploads\/2024\/06\/Peated-Irish-Whiskey_2-jpg-300x451.webp",300,451,true],"woocommerce_single":["https:\/\/whisky-age.com\/whisky\/wp-content\/uploads\/2024\/06\/Peated-Irish-Whiskey_2-jpg-600x902.webp",600,902,true],"woocommerce_gallery_thumbnail":["https:\/\/whisky-age.com\/whisky\/wp-content\/uploads\/2024\/06\/Peated-Irish-Whiskey_2-jpg-100x100.webp",100,100,true]},"uagb_author_info":{"display_name":"admin","author_link":"https:\/\/whisky-age.com\/whisky\/author\/"},"uagb_comment_info":0,"uagb_excerpt":"\u84b8\u993e\u5ee0\uff1aKillowen \u5947\u6d1b\u6587 \u84b8\u993e\u5e74\uff1aCask 019(2019\/08\/28) + Cask 044(20...","_links":{"self":[{"href":"https:\/\/whisky-age.com\/whisky\/wp-json\/wp\/v2\/product\/8188","targetHints":{"allow":["GET"]}}],"collection":[{"href":"https:\/\/whisky-age.com\/whisky\/wp-json\/wp\/v2\/product"}],"about":[{"href":"https:\/\/whisky-age.com\/whisky\/wp-json\/wp\/v2\/types\/product"}],"wp:featuredmedia":[{"embeddable":true,"href":"https:\/\/whisky-age.com\/whisky\/wp-json\/wp\/v2\/media\/8201"}],"wp:attachment":[{"href":"https:\/\/whisky-age.com\/whisky\/wp-json\/wp\/v2\/media?parent=8188"}],"wp:term":[{"taxonomy":"product_brand","embeddable":true,"href":"https:\/\/whisky-age.com\/whisky\/wp-json\/wp\/v2\/product_brand?post=8188"},{"taxonomy":"product_cat","embeddable":true,"href":"https:\/\/whisky-age.com\/whisky\/wp-json\/wp\/v2\/product_cat?post=8188"},{"taxonomy":"product_tag","embeddable":true,"href":"https:\/\/whisky-age.com\/whisky\/wp-json\/wp\/v2\/product_tag?post=8188"}],"curies":[{"name":"wp","href":"https:\/\/api.w.org\/{rel}","templated":true}]}}