{"id":16337,"date":"2025-05-14T13:37:48","date_gmt":"2025-05-14T05:37:48","guid":{"rendered":"https:\/\/whisky-age.com\/?post_type=product&#038;p=16337"},"modified":"2025-05-14T14:30:34","modified_gmt":"2025-05-14T06:30:34","slug":"malternative-34-lage-de-ma-femme-cognac-grande-champagne-francois-voyer-lot-90-47-8","status":"publish","type":"product","link":"https:\/\/whisky-age.com\/ko\/product\/malternative-34-lage-de-ma-femme-cognac-grande-champagne-francois-voyer-lot-90-47-8\/","title":{"rendered":"Malternative #34 &#8220;L&#8217;\u00e2ge de ma femme&#8221; Cognac Grande Champagne Fran\u00e7ois Voyer Lot 90 47.8%"},"content":{"rendered":"<p>Malternative, #34, &#8220;L&#8217;\u00e2ge de ma femme&#8221;, Cognac Grande Champagne, Fran\u00e7ois Voyer, Lot 90, 2024, 47.8%<\/p>\n<p>\u21e8 Whiskyfun: 90\u5206<br \/>\n\u21e8 WhiskyNotes: 91\u5206<\/p>\n<p>\u30fb\u3000\u30fb\u3000\u30fb<\/p>\n<p>\u9999\u6c23\uff1a \u6a61\u6728\u7684\u6c23\u606f\u548c\u8d85\u7d1a\u8c50\u5bcc\u7684\u6c34\u679c\u98a8\u5473\uff0c\u5169\u8005\u7684\u5e73\u8861\u611f\u975e\u5e38\u597d\uff01\u975e\u5e38\u6fc3\u90c1\u800c\u4e14\u5f37\u70c8\u3002\u6709\u6728\u74dc\u548c\u80e1\u6912\u3001\u674f\u6843\u4ee5\u53ca\u963f\u62c9\u4f2f\u8309\u8389\u7684\u9999\u6c23\u3002<\/p>\n<p>\u53e3\u611f\uff1a \u6bcf\u4e00\u6ef4\u90fd\u860a\u542b\u4e86\u6b72\u6708\u7684\u6df1\u5ea6\u3002\u98a8\u5473\u975e\u5e38\u8c50\u5bcc\u3001\u6709\u5c64\u6b21\u611f\u3002\u53e3\u611f\u65e2\u5f37\u52c1\u53c8\u67d4\u9806\u3002\u751c\u5473\u3001\u9e79\u611f\u3001\u679c\u9999\u548c\u6e05\u65b0\u611f\u4ea4\u7e54\u5728\u4e00\u8d77\u3002<\/p>\n<p>\u5c3e\u97fb\uff1a \u5c3e\u97fb\u5f88\u9577\uff0c\u6c34\u679c\u5954\u653e\u7684\u98a8\u5473\u4e00\u6b21\u53c8\u4e00\u6b21\u5730\u6e67\u73fe\u3002\u6211\u5011\u5df2\u7d93\u5690\u904e\u5f88\u591a Voyer \u7684\u9152\u6b3e\u4e86\uff0c\u4f46\u9019\u4e00\u6b3e\u771f\u7684\u975e\u5e38\u51fa\u8272\uff01\u54c7\uff01<\/p>\n<p>\u30fb\u3000\u30fb\u3000\u30fb<\/p>\n<p>\ub2e8\ud488 \ud488\uc808.<\/p>\n<p>\u6b61\u8fce\u52a0\u5165\u00a0<a href=\"https:\/\/reurl.cc\/qOR9Xg\">LINE \ucee4\ubba4\ub2c8\ud2f0 \u827e\u96f7\u91cd\u64ca\u30fb\u805a\u843d<\/a>\u00a0\uac00\uc785\ud574\uc11c \uac19\uc774 \uc704\uc2a4\ud0a4\uc5d0 \ub300\ud55c \uc0ac\ub791\uc744 \ub098\ub215\uc2dc\uc624.<\/p>","protected":false},"excerpt":{"rendered":"<p>\u54c1\u540d Product Name\uff1aL&#8217;\u00e2ge de ma femme<br \/>\n\u7522\u5340 Region\uff1aGrande Champagne<br \/>\n\u88dd\u74f6\u54c1\u724c Bottling Brand\uff1aMalternative<br \/>\n\u9152\u838a Domaine\uff1aFrancois Voyer<br \/>\n\u84b8\u993e\u5e74 Distilled\uff1a1990<br \/>\n\u88dd\u74f6\u5e74 Bottled\uff1a2024<br \/>\n\u5bb9\u91cf Volume\uff1a700 ml<br \/>\n\u9152\u7cbe\u6fc3\u5ea6 Strength\uff1a47.8%<br \/>\n\u7e3d\u88dd\u74f6\u6578 Number of Bottles\uff1a402<\/p>","protected":false},"featured_media":16342,"template":"","meta":{"_uag_custom_page_level_css":"","site-sidebar-layout":"default","site-content-layout":"","ast-site-content-layout":"default","site-content-style":"default","site-sidebar-style":"default","ast-global-header-display":"","ast-banner-title-visibility":"","ast-main-header-display":"","ast-hfb-above-header-display":"","ast-hfb-below-header-display":"","ast-hfb-mobile-header-display":"","site-post-title":"","ast-breadcrumbs-content":"","ast-featured-img":"","footer-sml-layout":"","ast-disable-related-posts":"","theme-transparent-header-meta":"default","adv-header-id-meta":"","stick-header-meta":"default","header-above-stick-meta":"","header-main-stick-meta":"","header-below-stick-meta":"","astra-migrate-meta-layouts":"set","ast-page-background-enabled":"default","ast-page-background-meta":{"desktop":{"background-color":"","background-image":"","background-repeat":"repeat","background-position":"center center","background-size":"auto","background-attachment":"scroll","background-type":"","background-media":"","overlay-type":"","overlay-color":"","overlay-opacity":"","overlay-gradient":""},"tablet":{"background-color":"","background-image":"","background-repeat":"repeat","background-position":"center center","background-size":"auto","background-attachment":"scroll","background-type":"","background-media":"","overlay-type":"","overlay-color":"","overlay-opacity":"","overlay-gradient":""},"mobile":{"background-color":"","background-image":"","background-repeat":"repeat","background-position":"center center","background-size":"auto","background-attachment":"scroll","background-type":"","background-media":"","overlay-type":"","overlay-color":"","overlay-opacity":"","overlay-gradient":""}},"ast-content-background-meta":{"desktop":{"background-color":"var(--ast-global-color-5)","background-image":"","background-repeat":"repeat","background-position":"center center","background-size":"auto","background-attachment":"scroll","background-type":"","background-media":"","overlay-type":"","overlay-color":"","overlay-opacity":"","overlay-gradient":""},"tablet":{"background-color":"var(--ast-global-color-5)","background-image":"","background-repeat":"repeat","background-position":"center center","background-size":"auto","background-attachment":"scroll","background-type":"","background-media":"","overlay-type":"","overlay-color":"","overlay-opacity":"","overlay-gradient":""},"mobile":{"background-color":"var(--ast-global-color-5)","background-image":"","background-repeat":"repeat","background-position":"center center","background-size":"auto","background-attachment":"scroll","background-type":"","background-media":"","overlay-type":"","overlay-color":"","overlay-opacity":"","overlay-gradient":""}}},"product_brand":[],"product_cat":[24,66,311,414],"product_tag":[740,92,739,155,668,313],"class_list":{"0":"post-16337","1":"product","2":"type-product","3":"status-publish","4":"has-post-thumbnail","6":"product_cat-distributed-brands","7":"product_cat-other-spirits","8":"product_cat-malternative-belgium","9":"product_cat-cognac","10":"product_tag-740","11":"product_tag-cognac","12":"product_tag-francois-voyer","13":"product_tag-grande-champagne","14":"product_tag-lot90","15":"product_tag-malternative-belgium","16":"desktop-align-left","17":"tablet-align-left","18":"mobile-align-left","19":"ast-product-gallery-layout-horizontal-slider","20":"ast-product-tabs-layout-horizontal","21":"ast-qv-on-image","23":"first","24":"outofstock","25":"shipping-taxable","26":"product-type-simple"},"uagb_featured_image_src":{"full":["https:\/\/whisky-age.com\/wp-content\/uploads\/2025\/05\/Cognac__34-lot90.jpg",960,1443,false],"thumbnail":["https:\/\/whisky-age.com\/wp-content\/uploads\/2025\/05\/Cognac__34-lot90-150x150.jpg",150,150,true],"medium":["https:\/\/whisky-age.com\/wp-content\/uploads\/2025\/05\/Cognac__34-lot90-200x300.jpg",200,300,true],"medium_large":["https:\/\/whisky-age.com\/wp-content\/uploads\/2025\/05\/Cognac__34-lot90-768x1154.jpg",768,1154,true],"large":["https:\/\/whisky-age.com\/wp-content\/uploads\/2025\/05\/Cognac__34-lot90-681x1024.jpg",681,1024,true],"1536x1536":["https:\/\/whisky-age.com\/wp-content\/uploads\/2025\/05\/Cognac__34-lot90.jpg",960,1443,false],"2048x2048":["https:\/\/whisky-age.com\/wp-content\/uploads\/2025\/05\/Cognac__34-lot90.jpg",960,1443,false],"trp-custom-language-flag":["https:\/\/whisky-age.com\/wp-content\/uploads\/2025\/05\/Cognac__34-lot90-8x12.jpg",8,12,true],"woocommerce_thumbnail":["https:\/\/whisky-age.com\/wp-content\/uploads\/2025\/05\/Cognac__34-lot90-300x451.jpg",300,451,true],"woocommerce_single":["https:\/\/whisky-age.com\/wp-content\/uploads\/2025\/05\/Cognac__34-lot90-600x902.jpg",600,902,true],"woocommerce_gallery_thumbnail":["https:\/\/whisky-age.com\/wp-content\/uploads\/2025\/05\/Cognac__34-lot90-100x100.jpg",100,100,true]},"uagb_author_info":{"display_name":"Whisky AGE","author_link":"https:\/\/whisky-age.com\/ko\/author\/"},"uagb_comment_info":0,"uagb_excerpt":"\u54c1\u540d Product Name\uff1aL'\u00e2ge de ma femme \u7522\u5340 Region\uff1aGrande Cham&hellip;","_links":{"self":[{"href":"https:\/\/whisky-age.com\/ko\/wp-json\/wp\/v2\/product\/16337","targetHints":{"allow":["GET"]}}],"collection":[{"href":"https:\/\/whisky-age.com\/ko\/wp-json\/wp\/v2\/product"}],"about":[{"href":"https:\/\/whisky-age.com\/ko\/wp-json\/wp\/v2\/types\/product"}],"wp:featuredmedia":[{"embeddable":true,"href":"https:\/\/whisky-age.com\/ko\/wp-json\/wp\/v2\/media\/16342"}],"wp:attachment":[{"href":"https:\/\/whisky-age.com\/ko\/wp-json\/wp\/v2\/media?parent=16337"}],"wp:term":[{"taxonomy":"product_brand","embeddable":true,"href":"https:\/\/whisky-age.com\/ko\/wp-json\/wp\/v2\/product_brand?post=16337"},{"taxonomy":"product_cat","embeddable":true,"href":"https:\/\/whisky-age.com\/ko\/wp-json\/wp\/v2\/product_cat?post=16337"},{"taxonomy":"product_tag","embeddable":true,"href":"https:\/\/whisky-age.com\/ko\/wp-json\/wp\/v2\/product_tag?post=16337"}],"curies":[{"name":"wp","href":"https:\/\/api.w.org\/{rel}","templated":true}]}}