{"id":16356,"date":"2025-06-03T11:00:56","date_gmt":"2025-06-03T03:00:56","guid":{"rendered":"https:\/\/whisky-age.com\/?post_type=product&#038;p=16356"},"modified":"2025-10-20T16:57:33","modified_gmt":"2025-10-20T08:57:33","slug":"smogen-single-cask-11-yo-exclusively-bottled-for-the-whisky-blues-2014-11yo-60","status":"publish","type":"product","link":"https:\/\/whisky-age.com\/ja\/product\/smogen-single-cask-11-yo-exclusively-bottled-for-the-whisky-blues-2014-11yo-60\/","title":{"rendered":"Sm\u00f6gen Single cask 11 yo exclusively bottled for The Whisky Blues 2014 11yo 60%"},"content":{"rendered":"<p>Sm\u00f6gen, Sm\u00f6gen Single cask 11 yo, exclusively bottled for The Whisky Blues, peated concerto, 2014, 2025, 11yo, 1st Fill ex bourbon barrel, 60%<\/p>\n<p>\u30fb\u3000\u30fb\u3000\u30fb<\/p>\n<p>\u9999\u6c23\uff1a\u4e2d\u7b49\u8f15\u67d4\u7684\u7159\u71fb\u611f\u8207\u6d77\u98a8\u9e79\u611f\uff0c\u65b0\u9bae\u7389\u7c73\u3001\u7926\u7269\u3001\u9999\u8349\u7cbe\u6cb9\u7684\u6e05\u6dbc\u611f\u3001\u5c0f\u8373\u853b\u3001\u8591\uff0c\u8336\u611f\u3002<\/p>\n<p>\u53e3\u611f\uff1a\u751c\u7f8e\u800c\u6709\u529b\u3001\u67f3\u6a59\u3001\u767d\u8461\u8404\u3001\u9752\u860b\u679c\u3001\u7159\u71fb\u3001\u8f15\u8f15\u7684\u65b0\u6728\u982d\u3001\u7518\u8349\u3001\u751c\u83ca\u3001\u4eba\u8518\u3001\u7da0\u8c46\u6e6f\u3001\u8349\u672c\u3001\u5805\u679c\u3002<\/p>\n<p>\u5c3e\u97fb\uff1a\u4e2d\u9577\u3002\u56de\u7518\u3001\u67d1\u6a58\u76ae\u3001\u4e9b\u8a31\u8349\u672c\u7dca\u6f80\u3001\u7070\u71fc\u3001\u9e79\u751c\u6728\u8cea\u3001\u5c0f\u8373\u853b\u3002<\/p>\n<p>\u30fb\u3000\u30fb\u3000\u30fb<\/p>\n<p>\u73fe\u5728\u3001\u5728\u5eab\u3054\u3056\u3044\u307e\u3059\u3002\u00a0<a href=\"https:\/\/whisky-age.com\/ja\/ww-distributors\/\">\u56fd\u5185\u5916\u306e\u6b63\u898f\u8ca9\u58f2\u4ee3\u7406\u5e97<\/a>\u3001\u307e\u305f\u306f\u79c1\u305f\u3061\u306e Facebook \u30b0\u30eb\u30fc\u30d7\u00a0<a href=\"https:\/\/www.facebook.com\/groups\/whisky.age\">\u827e\u96f7\u91cd\u64ca Whisky AGE \u5a01\u58eb\u5fcc\u793e\u5718<\/a>\u00a0\u3068<\/p>\n<p>\u6b61\u8fce\u52a0\u5165\u00a0<a href=\"https:\/\/reurl.cc\/qOR9Xg\">LINE \u793e\u7fa4\u300a\u827e\u96f7\u91cd\u64ca\u30fb\u805a\u843d\u300b<\/a>\u00a0\u307e\u3067\u304a\u6c17\u8efd\u306b\u304a\u554f\u3044\u5408\u308f\u305b\u304f\u3060\u3055\u3044\u3002<\/p>","protected":false},"excerpt":{"rendered":"<p>\u54c1\u540d Product Name\uff1aSm\u00f6gen Single cask 11 yo exclusively bottled for The Whisky Blues<br \/>\n\u7522\u5340 Region\uff1aSweden<br \/>\n\u88dd\u74f6\u54c1\u724c Bottling Brand\uff1aSm\u00f6gen<br \/>\n\u84b8\u7559\u5e74\uff1a2014<br \/>\n\u88dd\u74f6\u5e74 Bottled\uff1a2025<br \/>\n\u9ea5\u82bd Malt\uff1aPeated Optic\uff0850+ppm\uff09<br \/>\n\u6876\u578b Cask Type\uff1a1st Fill ex bourbon barrel<br \/>\n\u6876\u865f Cask Number\uff1a#12<br \/>\n\u7dcf\u74f6\u8a70\u672c\u6570\uff1a280<br \/>\n\u5bb9\u91cf Volume\uff1a500 ml<br \/>\n\u9152\u7cbe\u6fc3\u5ea6 Strength\uff1a60.0%<\/p>","protected":false},"featured_media":16358,"template":"","meta":{"_uag_custom_page_level_css":"","site-sidebar-layout":"default","site-content-layout":"","ast-site-content-layout":"default","site-content-style":"default","site-sidebar-style":"default","ast-global-header-display":"","ast-banner-title-visibility":"","ast-main-header-display":"","ast-hfb-above-header-display":"","ast-hfb-below-header-display":"","ast-hfb-mobile-header-display":"","site-post-title":"","ast-breadcrumbs-content":"","ast-featured-img":"","footer-sml-layout":"","ast-disable-related-posts":"","theme-transparent-header-meta":"default","adv-header-id-meta":"","stick-header-meta":"default","header-above-stick-meta":"","header-main-stick-meta":"","header-below-stick-meta":"","astra-migrate-meta-layouts":"set","ast-page-background-enabled":"default","ast-page-background-meta":{"desktop":{"background-color":"","background-image":"","background-repeat":"repeat","background-position":"center center","background-size":"auto","background-attachment":"scroll","background-type":"","background-media":"","overlay-type":"","overlay-color":"","overlay-opacity":"","overlay-gradient":""},"tablet":{"background-color":"","background-image":"","background-repeat":"repeat","background-position":"center center","background-size":"auto","background-attachment":"scroll","background-type":"","background-media":"","overlay-type":"","overlay-color":"","overlay-opacity":"","overlay-gradient":""},"mobile":{"background-color":"","background-image":"","background-repeat":"repeat","background-position":"center center","background-size":"auto","background-attachment":"scroll","background-type":"","background-media":"","overlay-type":"","overlay-color":"","overlay-opacity":"","overlay-gradient":""}},"ast-content-background-meta":{"desktop":{"background-color":"var(--ast-global-color-5)","background-image":"","background-repeat":"repeat","background-position":"center center","background-size":"auto","background-attachment":"scroll","background-type":"","background-media":"","overlay-type":"","overlay-color":"","overlay-opacity":"","overlay-gradient":""},"tablet":{"background-color":"var(--ast-global-color-5)","background-image":"","background-repeat":"repeat","background-position":"center center","background-size":"auto","background-attachment":"scroll","background-type":"","background-media":"","overlay-type":"","overlay-color":"","overlay-opacity":"","overlay-gradient":""},"mobile":{"background-color":"var(--ast-global-color-5)","background-image":"","background-repeat":"repeat","background-position":"center center","background-size":"auto","background-attachment":"scroll","background-type":"","background-media":"","overlay-type":"","overlay-color":"","overlay-opacity":"","overlay-gradient":""}}},"product_brand":[],"product_cat":[144,738,759,614,137],"product_tag":[752,755,753,754,751,750],"class_list":{"0":"post-16356","1":"product","2":"type-product","3":"status-publish","4":"has-post-thumbnail","6":"product_cat-in-stock","7":"product_cat-smogen","8":"product_cat-smogen-","9":"product_cat-sweden","10":"product_cat-the-whisky-blues","11":"product_tag-11-yo","12":"product_tag-1st-fill-ex-bourbon-barrel","13":"product_tag-exclusively-bottled-for-the-whisky-blues","14":"product_tag-peated-concerto","15":"product_tag-single-cask","16":"product_tag-smogen","17":"desktop-align-left","18":"tablet-align-left","19":"mobile-align-left","20":"ast-product-gallery-layout-horizontal-slider","21":"ast-product-tabs-layout-horizontal","22":"ast-qv-on-image","24":"first","25":"instock","26":"shipping-taxable","27":"purchasable","28":"product-type-simple"},"uagb_featured_image_src":{"full":["https:\/\/whisky-age.com\/wp-content\/uploads\/2025\/06\/Smogen-Single-Cask-11-yo_TWA.jpg",960,1443,false],"thumbnail":["https:\/\/whisky-age.com\/wp-content\/uploads\/2025\/06\/Smogen-Single-Cask-11-yo_TWA-150x150.jpg",150,150,true],"medium":["https:\/\/whisky-age.com\/wp-content\/uploads\/2025\/06\/Smogen-Single-Cask-11-yo_TWA-200x300.jpg",200,300,true],"medium_large":["https:\/\/whisky-age.com\/wp-content\/uploads\/2025\/06\/Smogen-Single-Cask-11-yo_TWA-768x1154.jpg",768,1154,true],"large":["https:\/\/whisky-age.com\/wp-content\/uploads\/2025\/06\/Smogen-Single-Cask-11-yo_TWA-681x1024.jpg",681,1024,true],"1536x1536":["https:\/\/whisky-age.com\/wp-content\/uploads\/2025\/06\/Smogen-Single-Cask-11-yo_TWA.jpg",960,1443,false],"2048x2048":["https:\/\/whisky-age.com\/wp-content\/uploads\/2025\/06\/Smogen-Single-Cask-11-yo_TWA.jpg",960,1443,false],"trp-custom-language-flag":["https:\/\/whisky-age.com\/wp-content\/uploads\/2025\/06\/Smogen-Single-Cask-11-yo_TWA-8x12.jpg",8,12,true],"woocommerce_thumbnail":["https:\/\/whisky-age.com\/wp-content\/uploads\/2025\/06\/Smogen-Single-Cask-11-yo_TWA-300x451.jpg",300,451,true],"woocommerce_single":["https:\/\/whisky-age.com\/wp-content\/uploads\/2025\/06\/Smogen-Single-Cask-11-yo_TWA-600x902.jpg",600,902,true],"woocommerce_gallery_thumbnail":["https:\/\/whisky-age.com\/wp-content\/uploads\/2025\/06\/Smogen-Single-Cask-11-yo_TWA-100x100.jpg",100,100,true]},"uagb_author_info":{"display_name":"Whisky AGE","author_link":"https:\/\/whisky-age.com\/ja\/author\/"},"uagb_comment_info":0,"uagb_excerpt":"\u54c1\u540d Product Name\uff1aSm\u00f6gen Single cask 11 yo exclusively bo&hellip;","_links":{"self":[{"href":"https:\/\/whisky-age.com\/ja\/wp-json\/wp\/v2\/product\/16356","targetHints":{"allow":["GET"]}}],"collection":[{"href":"https:\/\/whisky-age.com\/ja\/wp-json\/wp\/v2\/product"}],"about":[{"href":"https:\/\/whisky-age.com\/ja\/wp-json\/wp\/v2\/types\/product"}],"wp:featuredmedia":[{"embeddable":true,"href":"https:\/\/whisky-age.com\/ja\/wp-json\/wp\/v2\/media\/16358"}],"wp:attachment":[{"href":"https:\/\/whisky-age.com\/ja\/wp-json\/wp\/v2\/media?parent=16356"}],"wp:term":[{"taxonomy":"product_brand","embeddable":true,"href":"https:\/\/whisky-age.com\/ja\/wp-json\/wp\/v2\/product_brand?post=16356"},{"taxonomy":"product_cat","embeddable":true,"href":"https:\/\/whisky-age.com\/ja\/wp-json\/wp\/v2\/product_cat?post=16356"},{"taxonomy":"product_tag","embeddable":true,"href":"https:\/\/whisky-age.com\/ja\/wp-json\/wp\/v2\/product_tag?post=16356"}],"curies":[{"name":"wp","href":"https:\/\/api.w.org\/{rel}","templated":true}]}}