{"id":15853,"date":"2025-02-18T11:00:59","date_gmt":"2025-02-18T03:00:59","guid":{"rendered":"https:\/\/whisky-age.com\/?post_type=product&#038;p=15853"},"modified":"2026-02-08T12:45:28","modified_gmt":"2026-02-08T04:45:28","slug":"malternative-31-le-demenageur-cognac-grande-champagne-lot-66-46-4","status":"publish","type":"product","link":"https:\/\/whisky-age.com\/ja\/product\/malternative-31-le-demenageur-cognac-grande-champagne-lot-66-46-4\/","title":{"rendered":"Malternative #31 Le D\u00e9m\u00e9nageur Cognac Grande Champagne Lot 66 46.4%"},"content":{"rendered":"<p>Malternative, #31, Le D\u00e9m\u00e9nageur, Cognac Grande Champagne, Lot 66, 2024\/4\/17, 46.4%<\/p>\n<p>\u21e8 Whiskyfun: 90\u5206<br \/>\n\u21e8 WhiskyNotes: 91\u5206<\/p>\n<p>\u30fb\u3000\u30fb\u3000\u30fb<\/p>\n<p>\u9999\u6c23\uff1a\u751c\u7f8e\u7684\u8461\u8404\u4e7e\u3001\u8292\u679c\u3001\u67d1\u6a58\u3001\u9cf3\u68a8\u4e7e\u3001\u82b1\u871c\u3001\u674f\u4ec1\u3001\u9999\u8349\u3001\u6728\u8cea\u3001\u8584\u8377\u3001\u8336\u9999\u8207\u8f9b\u9999\u6599\u3002<\/p>\n<p>\u53e3\u611f\uff1a\u4e2d\u7b49\u53e3\u611f\u3002\u8461\u8404\u4e7e\u3001\u8292\u679c\u3001\u67d1\u6a58\u3001\u9cf3\u68a8\u3001\u674f\u6843\u3001\u8702\u871c\u3001\u8591\u3001\u881f\u8cea\u3001\u8584\u8377\u8207\u83f8\u8349\u3002<\/p>\n<p>\u5c3e\u97fb\uff1a\u4e2d\u7b49\u7d30\u9577\u5c3e\u97fb\u3002\u8461\u8404\u4e7e\u3001\u8292\u679c\u3001\u9cf3\u68a8\u3001\u6843\u5b50\u3001\u7518\u8349\u3001\u6728\u8cea\u611f\u3001\u8336\u9999\u8207\u8f9b\u9999\u6599\u3002<\/p>\n<p>\u30fb\u3000\u30fb\u3000\u30fb<\/p>\n<p>\u6b61\u8fce\u52a0\u5165\u00a0<a href=\"https:\/\/reurl.cc\/qOR9Xg\">LINE \u793e\u7fa4\u300a\u827e\u96f7\u91cd\u64ca\u30fb\u805a\u843d\u300b<\/a>\u00a0\u307e\u3067\u304a\u6c17\u8efd\u306b\u304a\u554f\u3044\u5408\u308f\u305b\u304f\u3060\u3055\u3044\u3002<\/p>","protected":false},"excerpt":{"rendered":"<p>\u30cd\u30fc\u30df\u30f3\u30b0\uff1aLe D\u00e9m\u00e9nageur<br \/>\n\u7523\u5730\uff1aCognac Grande Champagne<br \/>\n\u30dc\u30c8\u30ea\u30f3\u30b0\u30d6\u30e9\u30f3\u30c9\uff1aMalternative<br \/>\n\u84b8\u7559\u5e74\uff1a1966<br \/>\n\u74f6\u8a70\u5e74\uff1a2024\/4\/17<br \/>\n\u5bb9\u91cf Volume\uff1a700 ml<br \/>\n\u30a2\u30eb\u30b3\u30fc\u30eb\u5ea6\u6570\uff1a46.4%<br \/>\n\u7dcf\u74f6\u8a70\u672c\u6570\uff1a234<\/p>","protected":false},"featured_media":15855,"template":"","meta":{"_uag_custom_page_level_css":"","site-sidebar-layout":"default","site-content-layout":"","ast-site-content-layout":"default","site-content-style":"default","site-sidebar-style":"default","ast-global-header-display":"","ast-banner-title-visibility":"","ast-main-header-display":"","ast-hfb-above-header-display":"","ast-hfb-below-header-display":"","ast-hfb-mobile-header-display":"","site-post-title":"","ast-breadcrumbs-content":"","ast-featured-img":"","footer-sml-layout":"","ast-disable-related-posts":"","theme-transparent-header-meta":"default","adv-header-id-meta":"","stick-header-meta":"default","header-above-stick-meta":"","header-main-stick-meta":"","header-below-stick-meta":"","astra-migrate-meta-layouts":"set","ast-page-background-enabled":"default","ast-page-background-meta":{"desktop":{"background-color":"","background-image":"","background-repeat":"repeat","background-position":"center center","background-size":"auto","background-attachment":"scroll","background-type":"","background-media":"","overlay-type":"","overlay-color":"","overlay-opacity":"","overlay-gradient":""},"tablet":{"background-color":"","background-image":"","background-repeat":"repeat","background-position":"center center","background-size":"auto","background-attachment":"scroll","background-type":"","background-media":"","overlay-type":"","overlay-color":"","overlay-opacity":"","overlay-gradient":""},"mobile":{"background-color":"","background-image":"","background-repeat":"repeat","background-position":"center center","background-size":"auto","background-attachment":"scroll","background-type":"","background-media":"","overlay-type":"","overlay-color":"","overlay-opacity":"","overlay-gradient":""}},"ast-content-background-meta":{"desktop":{"background-color":"var(--ast-global-color-5)","background-image":"","background-repeat":"repeat","background-position":"center center","background-size":"auto","background-attachment":"scroll","background-type":"","background-media":"","overlay-type":"","overlay-color":"","overlay-opacity":"","overlay-gradient":""},"tablet":{"background-color":"var(--ast-global-color-5)","background-image":"","background-repeat":"repeat","background-position":"center center","background-size":"auto","background-attachment":"scroll","background-type":"","background-media":"","overlay-type":"","overlay-color":"","overlay-opacity":"","overlay-gradient":""},"mobile":{"background-color":"var(--ast-global-color-5)","background-image":"","background-repeat":"repeat","background-position":"center center","background-size":"auto","background-attachment":"scroll","background-type":"","background-media":"","overlay-type":"","overlay-color":"","overlay-opacity":"","overlay-gradient":""}}},"product_brand":[],"product_cat":[24,66,311,414],"product_tag":[689,92,385,688,313],"class_list":{"0":"post-15853","1":"product","2":"type-product","3":"status-publish","4":"has-post-thumbnail","6":"product_cat-distributed-brands","7":"product_cat-other-spirits","8":"product_cat-malternative-belgium","9":"product_cat-cognac","10":"product_tag-689","11":"product_tag-cognac","12":"product_tag-cognac-grande-champagne","13":"product_tag-le-demenageur","14":"product_tag-malternative-belgium","15":"desktop-align-left","16":"tablet-align-left","17":"mobile-align-left","18":"ast-product-gallery-layout-horizontal-slider","19":"ast-product-tabs-layout-horizontal","20":"ast-qv-on-image","22":"first","23":"outofstock","24":"shipping-taxable","25":"product-type-simple"},"uagb_featured_image_src":{"full":["https:\/\/whisky-age.com\/wp-content\/uploads\/2025\/02\/Cognac__31-lot66.jpg",960,1443,false],"thumbnail":["https:\/\/whisky-age.com\/wp-content\/uploads\/2025\/02\/Cognac__31-lot66-150x150.jpg",150,150,true],"medium":["https:\/\/whisky-age.com\/wp-content\/uploads\/2025\/02\/Cognac__31-lot66-200x300.jpg",200,300,true],"medium_large":["https:\/\/whisky-age.com\/wp-content\/uploads\/2025\/02\/Cognac__31-lot66-768x1154.jpg",768,1154,true],"large":["https:\/\/whisky-age.com\/wp-content\/uploads\/2025\/02\/Cognac__31-lot66-681x1024.jpg",681,1024,true],"1536x1536":["https:\/\/whisky-age.com\/wp-content\/uploads\/2025\/02\/Cognac__31-lot66.jpg",960,1443,false],"2048x2048":["https:\/\/whisky-age.com\/wp-content\/uploads\/2025\/02\/Cognac__31-lot66.jpg",960,1443,false],"trp-custom-language-flag":["https:\/\/whisky-age.com\/wp-content\/uploads\/2025\/02\/Cognac__31-lot66-8x12.jpg",8,12,true],"woocommerce_thumbnail":["https:\/\/whisky-age.com\/wp-content\/uploads\/2025\/02\/Cognac__31-lot66-300x451.jpg",300,451,true],"woocommerce_single":["https:\/\/whisky-age.com\/wp-content\/uploads\/2025\/02\/Cognac__31-lot66-600x902.jpg",600,902,true],"woocommerce_gallery_thumbnail":["https:\/\/whisky-age.com\/wp-content\/uploads\/2025\/02\/Cognac__31-lot66-100x100.jpg",100,100,true]},"uagb_author_info":{"display_name":"Whisky AGE","author_link":"https:\/\/whisky-age.com\/ja\/author\/"},"uagb_comment_info":0,"uagb_excerpt":"\u54c1\u540d Product Name\uff1aLe D\u00e9m\u00e9nageur \u7522\u5340 Region\uff1aCognac Grande C&hellip;","_links":{"self":[{"href":"https:\/\/whisky-age.com\/ja\/wp-json\/wp\/v2\/product\/15853","targetHints":{"allow":["GET"]}}],"collection":[{"href":"https:\/\/whisky-age.com\/ja\/wp-json\/wp\/v2\/product"}],"about":[{"href":"https:\/\/whisky-age.com\/ja\/wp-json\/wp\/v2\/types\/product"}],"wp:featuredmedia":[{"embeddable":true,"href":"https:\/\/whisky-age.com\/ja\/wp-json\/wp\/v2\/media\/15855"}],"wp:attachment":[{"href":"https:\/\/whisky-age.com\/ja\/wp-json\/wp\/v2\/media?parent=15853"}],"wp:term":[{"taxonomy":"product_brand","embeddable":true,"href":"https:\/\/whisky-age.com\/ja\/wp-json\/wp\/v2\/product_brand?post=15853"},{"taxonomy":"product_cat","embeddable":true,"href":"https:\/\/whisky-age.com\/ja\/wp-json\/wp\/v2\/product_cat?post=15853"},{"taxonomy":"product_tag","embeddable":true,"href":"https:\/\/whisky-age.com\/ja\/wp-json\/wp\/v2\/product_tag?post=15853"}],"curies":[{"name":"wp","href":"https:\/\/api.w.org\/{rel}","templated":true}]}}