{"id":18920,"date":"2025-11-18T11:26:11","date_gmt":"2025-11-18T03:26:11","guid":{"rendered":"https:\/\/whisky-age.com\/?post_type=product&#038;p=18920"},"modified":"2025-11-19T11:09:05","modified_gmt":"2025-11-19T03:09:05","slug":"roger-groult-autrement-pomme-aperitif-a-base-de-calvados-pays-dauge-26","status":"publish","type":"product","link":"https:\/\/whisky-age.com\/en\/product\/roger-groult-autrement-pomme-aperitif-a-base-de-calvados-pays-dauge-26\/","title":{"rendered":"Roger Groult, Autrement Pomme Ap\u00e9ritif \u00e0 base de Calvados Pays d&#8217;Auge 26%"},"content":{"rendered":"<p>Roger Groult, Autrement Pomme, Ap\u00e9ritif \u00e0 base de Calvados Pays d&#8217;Auge, 26%<\/p>\n<p>\u30fb\u3000\u30fb\u3000\u30fb<\/p>\n<p><strong>Tasting Notes<\/strong><br \/>\n\u200b<br \/>\n\u9999\u6c23\uff1a\u9999\u6c1b\u7682\u3001\u897f\u6d0b\u68a8\u3001\u860b\u679c\u7cd6\u6f3f\u3001\u8584\u8377\u3002<\/p>\n<p>\u53e3\u611f\uff1a\u6885\u9152\u611f\u860b\u679c\u68a8\u5b50\u6c41\u3001\u5fae\u5fae\u6728\u8cea\u3001\u6e05\u723d\u751c\u7f8e\u3002<\/p>\n<p>\u5c3e\u97fb\uff1a\u860b\u679c\u6885\u9152\u3001\u6e05\u751c\u5b9c\u4eba\u3002<\/p>\n<p>\u30fb\u3000\u30fb\u3000\u30fb<\/p>\n<p>\u4ecb\u7d39\u5e7e\u6b3e\u53ef\u4ee5\u8f15\u9b06\u6e96\u5099\u7684\u559d\u6cd5\u3002<\/p>\n<p>\u4e00\u3001\u7d93\u5178\u958b\u80c3\u9152\u98f2\u7528\u65b9\u5f0f\uff08Ap\u00e9ritif Style\uff09<\/p>\n<p>* \u51b0\u93ae\u7d14\u98f2 \uff1a\u5c07\u9152\u74f6\u51b0\u93ae\u5f8c\uff0c\u76f4\u63a5\u5012\u5165\u5c0f\u676f\u4e2d\u7d14\u98f2\u3002\u9019\u662f\u6700\u80fd\u9ad4\u6703\u5176\u5713\u6f64\u3001\u7d30\u81a9\u860b\u679c\u8207\u9999\u6599\u98a8\u5473\u7684\u65b9\u5f0f\u3002\u6211\u5011\u5728\u9580\u5e02\u4e5f\u51b0\u4e86\u4e00\u74f6\uff0c\u4e0b\u5348\u5de5\u4f5c\u75b2\u7d2f\u4e4b\u969b\uff0c\u5012\u4e00\u676f\u4f86\u559d\u80fd\u8b93\u5fc3\u60c5\u6109\u6085\u3002<br \/>\n* \u52a0\u51b0\u584a \uff1a\u52a0\u5165\u4e00\u584a\u5927\u51b0\u584a\u6216\u5c11\u8a31\u51b0\u584a\uff0c\u8f15\u5fae\u7a00\u91cb\u548c\u964d\u6eab\u80fd\u8b93\u9152\u9ad4\u66f4\u6e05\u723d\uff0c\u9069\u5408\u60a0\u9592\u5c0f\u914c\u3002<br \/>\n* \u642d\u914d\u6ab8\u6aac\u76ae\uff1a\u5728\u9152\u4e2d\u52a0\u5165\u4e00\u5c0f\u584a\u65b0\u9bae\u7684\u6ab8\u6aac\u76ae\u6216\u6a59\u76ae\uff0c\u8f15\u8f15\u626d\u8f49\u5f8c\u4e1f\u5165\u3002\u67d1\u6a58\u76ae\u7684\u9999\u6c23\u6cb9\u80fd\u70ba\u860b\u679c\u548c\u9999\u6599\u5473\u589e\u6dfb\u4e00\u7d72\u6e05\u65b0\u548c\u8907\u96dc\u5ea6\u3002<\/p>\n<p>\u4e8c\u3001\u6e05\u723d\u9577\u98f2 (Long Drinks)<\/p>\n<p>\u7531\u65bc\u9019\u6b3e\u9152\u7684\u751c\u5ea6\u548c\u9152\u7cbe\u6fc3\u5ea6\u9069\u4e2d\uff0826%\uff09\uff0c\u975e\u5e38\u9069\u5408\u642d\u914d\u6c23\u6ce1\u98f2\uff0c\u88fd\u4f5c\u8f15\u9b06\u7684\u9577\u98f2\u3002<br \/>\n1. \u860b\u679c\u901a\u5be7\uff1a<br \/>\n* \u642d\u914d\uff1a\u6c23\u6ce1\u6c34\uff08Soda Water\uff09\u6216\u901a\u5be7\u6c34\uff08Tonic Water\uff09\u3002<br \/>\n* \u5efa\u8b70\u6bd4\u4f8b\uff1a1 \u4efd Autrement Pomme : 2 \u4efd\u6c23\u6ce1\u6c34\/\u901a\u5be7\u6c34\u3002<br \/>\n* \u88dd\u98fe\uff1a\u65b0\u9bae\u860b\u679c\u7247\u6216\u6ab8\u6aac\u76ae\u3002<\/p>\n<p>2. \u642d\u914d\u6c23\u6ce1\u9152\uff1a<br \/>\n* \u642d\u914d\uff1aProsecco \u6216\u5176\u4ed6\u98a8\u5473\u4e2d\u6027\u7684\u6c23\u6ce1\u9152\u3002<br \/>\n* \u5efa\u8b70\u6bd4\u4f8b\uff1a1 \u4efd Autrement Pomme : 1 \u4efd\u6c23\u6ce1\u9152\u3002<br \/>\n* \u88dd\u98fe\uff1a\u6ab8\u6aac\u7247\u6216\u6afb\u6843\u3002<\/p>\n<p>\u53e6\u5916\u6bd4\u8f03\u8907\u96dc\u7684\u65b9\u5f0f\uff0c\u4e5f\u53ef\u4ee5\u52a0\u5165\u4e0d\u540c\u6bd4\u4f8b\u7684\u70c8\u9152\uff0c\u8b6c\u5982\u5a01\u58eb\u5fcc\u3001\u862d\u59c6\u9152\u3001\u7434\u9152\u3001\u4f0f\u7279\u52a0\uff0c\u518d\u52a0\u6ab8\u6aac\u6c41\u3001\u67f3\u6a59\u6c41&#8230;&#8230;\u7b49\u7b49\uff0c\u505a\u5404\u7a2e\u6bd4\u4f8b\u914d\u65b9\u7684\u8abf\u6574\uff0c\u6210\u70ba\u4e00\u676f\u676f\u7f8e\u5473\u7684\u96de\u5c3e\u9152\u3002<\/p>\n<p>\u30fb\u3000\u30fb\u3000\u30fb<\/p>\n<p>Welcome to chat with us:\u00a0<a href=\"https:\/\/reurl.cc\/qOR9Xg\">LINE OpenChat\u300a\u827e\u96f7\u91cd\u64ca\u30fb\u805a\u843d\u300b<\/a>\u00a0.<\/p>","protected":false},"excerpt":{"rendered":"<p>\u985e\u578b Type\uff1aAp\u00e9ritif \u751c\u9ede\u9152<br \/>\n\u9152\u838a Domaine\uff1aRoger GROULT<br \/>\nVolume\uff1a700 ml<br \/>\n\u9152\u7cbe\u6fc3\u5ea6 Strength\uff1a26%<\/p>\n<p>\u203b \u4ee5 6\u5e74 Calvados \u70ba\u57fa\u5e95\u8abf\u5165\u860b\u679c\u539f\u6c41\uff0c\u518d\u65bc\u6a61\u6728\u6876\u719f\u6210\u6578\u5e74\u800c\u6210\u3002<\/p>","protected":false},"featured_media":18916,"template":"","meta":{"_uag_custom_page_level_css":"","site-sidebar-layout":"default","site-content-layout":"","ast-site-content-layout":"default","site-content-style":"default","site-sidebar-style":"default","ast-global-header-display":"","ast-banner-title-visibility":"","ast-main-header-display":"","ast-hfb-above-header-display":"","ast-hfb-below-header-display":"","ast-hfb-mobile-header-display":"","site-post-title":"","ast-breadcrumbs-content":"","ast-featured-img":"","footer-sml-layout":"","ast-disable-related-posts":"","theme-transparent-header-meta":"default","adv-header-id-meta":"","stick-header-meta":"default","header-above-stick-meta":"","header-main-stick-meta":"","header-below-stick-meta":"","astra-migrate-meta-layouts":"set","ast-page-background-enabled":"default","ast-page-background-meta":{"desktop":{"background-color":"","background-image":"","background-repeat":"repeat","background-position":"center center","background-size":"auto","background-attachment":"scroll","background-type":"","background-media":"","overlay-type":"","overlay-color":"","overlay-opacity":"","overlay-gradient":""},"tablet":{"background-color":"","background-image":"","background-repeat":"repeat","background-position":"center center","background-size":"auto","background-attachment":"scroll","background-type":"","background-media":"","overlay-type":"","overlay-color":"","overlay-opacity":"","overlay-gradient":""},"mobile":{"background-color":"","background-image":"","background-repeat":"repeat","background-position":"center center","background-size":"auto","background-attachment":"scroll","background-type":"","background-media":"","overlay-type":"","overlay-color":"","overlay-opacity":"","overlay-gradient":""}},"ast-content-background-meta":{"desktop":{"background-color":"var(--ast-global-color-5)","background-image":"","background-repeat":"repeat","background-position":"center center","background-size":"auto","background-attachment":"scroll","background-type":"","background-media":"","overlay-type":"","overlay-color":"","overlay-opacity":"","overlay-gradient":""},"tablet":{"background-color":"var(--ast-global-color-5)","background-image":"","background-repeat":"repeat","background-position":"center center","background-size":"auto","background-attachment":"scroll","background-type":"","background-media":"","overlay-type":"","overlay-color":"","overlay-opacity":"","overlay-gradient":""},"mobile":{"background-color":"var(--ast-global-color-5)","background-image":"","background-repeat":"repeat","background-position":"center center","background-size":"auto","background-attachment":"scroll","background-type":"","background-media":"","overlay-type":"","overlay-color":"","overlay-opacity":"","overlay-gradient":""}}},"product_brand":[],"product_cat":[24,144,789,847,67],"product_tag":[855,854,843],"class_list":{"0":"post-18920","1":"product","2":"type-product","3":"status-publish","4":"has-post-thumbnail","6":"product_cat-distributed-brands","7":"product_cat-in-stock","8":"product_cat-calvados-","9":"product_cat-roger-groult","10":"product_cat-brandy","11":"product_tag-aperitif-a-base-de-calvados-pays-dauge","12":"product_tag-autrement-pomme","13":"product_tag-roger-groult","14":"desktop-align-left","15":"tablet-align-left","16":"mobile-align-left","17":"ast-product-gallery-layout-horizontal-slider","18":"ast-product-tabs-layout-horizontal","19":"ast-qv-on-image","21":"first","22":"instock","23":"shipping-taxable","24":"purchasable","25":"product-type-simple"},"uagb_featured_image_src":{"full":["https:\/\/whisky-age.com\/wp-content\/uploads\/2025\/11\/Autrement-Pomme-Aperitif-a-base-de-Calvados-Pays-dAuge_26.jpg",960,1443,false],"thumbnail":["https:\/\/whisky-age.com\/wp-content\/uploads\/2025\/11\/Autrement-Pomme-Aperitif-a-base-de-Calvados-Pays-dAuge_26-150x150.jpg",150,150,true],"medium":["https:\/\/whisky-age.com\/wp-content\/uploads\/2025\/11\/Autrement-Pomme-Aperitif-a-base-de-Calvados-Pays-dAuge_26-200x300.jpg",200,300,true],"medium_large":["https:\/\/whisky-age.com\/wp-content\/uploads\/2025\/11\/Autrement-Pomme-Aperitif-a-base-de-Calvados-Pays-dAuge_26-768x1154.jpg",768,1154,true],"large":["https:\/\/whisky-age.com\/wp-content\/uploads\/2025\/11\/Autrement-Pomme-Aperitif-a-base-de-Calvados-Pays-dAuge_26-681x1024.jpg",681,1024,true],"1536x1536":["https:\/\/whisky-age.com\/wp-content\/uploads\/2025\/11\/Autrement-Pomme-Aperitif-a-base-de-Calvados-Pays-dAuge_26.jpg",960,1443,false],"2048x2048":["https:\/\/whisky-age.com\/wp-content\/uploads\/2025\/11\/Autrement-Pomme-Aperitif-a-base-de-Calvados-Pays-dAuge_26.jpg",960,1443,false],"trp-custom-language-flag":["https:\/\/whisky-age.com\/wp-content\/uploads\/2025\/11\/Autrement-Pomme-Aperitif-a-base-de-Calvados-Pays-dAuge_26-8x12.jpg",8,12,true],"woocommerce_thumbnail":["https:\/\/whisky-age.com\/wp-content\/uploads\/2025\/11\/Autrement-Pomme-Aperitif-a-base-de-Calvados-Pays-dAuge_26-300x451.jpg",300,451,true],"woocommerce_single":["https:\/\/whisky-age.com\/wp-content\/uploads\/2025\/11\/Autrement-Pomme-Aperitif-a-base-de-Calvados-Pays-dAuge_26-600x902.jpg",600,902,true],"woocommerce_gallery_thumbnail":["https:\/\/whisky-age.com\/wp-content\/uploads\/2025\/11\/Autrement-Pomme-Aperitif-a-base-de-Calvados-Pays-dAuge_26-100x100.jpg",100,100,true]},"uagb_author_info":{"display_name":"Whisky AGE","author_link":"https:\/\/whisky-age.com\/en\/author\/"},"uagb_comment_info":0,"uagb_excerpt":"\u985e\u578b Type\uff1aAp\u00e9ritif \u751c\u9ede\u9152 \u9152\u838a Domaine\uff1aRoger GROULT \u5bb9\u91cf Volume\uff1a&hellip;","_links":{"self":[{"href":"https:\/\/whisky-age.com\/en\/wp-json\/wp\/v2\/product\/18920","targetHints":{"allow":["GET"]}}],"collection":[{"href":"https:\/\/whisky-age.com\/en\/wp-json\/wp\/v2\/product"}],"about":[{"href":"https:\/\/whisky-age.com\/en\/wp-json\/wp\/v2\/types\/product"}],"wp:featuredmedia":[{"embeddable":true,"href":"https:\/\/whisky-age.com\/en\/wp-json\/wp\/v2\/media\/18916"}],"wp:attachment":[{"href":"https:\/\/whisky-age.com\/en\/wp-json\/wp\/v2\/media?parent=18920"}],"wp:term":[{"taxonomy":"product_brand","embeddable":true,"href":"https:\/\/whisky-age.com\/en\/wp-json\/wp\/v2\/product_brand?post=18920"},{"taxonomy":"product_cat","embeddable":true,"href":"https:\/\/whisky-age.com\/en\/wp-json\/wp\/v2\/product_cat?post=18920"},{"taxonomy":"product_tag","embeddable":true,"href":"https:\/\/whisky-age.com\/en\/wp-json\/wp\/v2\/product_tag?post=18920"}],"curies":[{"name":"wp","href":"https:\/\/api.w.org\/{rel}","templated":true}]}}