{"id":16415,"date":"2025-06-17T11:55:05","date_gmt":"2025-06-17T03:55:05","guid":{"rendered":"https:\/\/whisky-age.com\/?post_type=product&#038;p=16415"},"modified":"2026-03-11T09:42:00","modified_gmt":"2026-03-11T01:42:00","slug":"smogen-10yo-2025-oloroso-sherry-hogshead-51-4","status":"publish","type":"product","link":"https:\/\/whisky-age.com\/en\/product\/smogen-10yo-2025-oloroso-sherry-hogshead-51-4\/","title":{"rendered":"Sm\u00f6gen 10yo 2025 Oloroso Sherry Hogshead 51.4%"},"content":{"rendered":"<p>Sm\u00f6gen, Sm\u00f6gen 10yo, 2025, 10yo, Oloroso Sherry Hogshead, 51.4%<\/p>\n<p>\u30fb\u3000\u30fb\u3000\u30fb<\/p>\n<p>Nose: gentle sulfur notes and black raisins, meaty undertones, star anise, fur, herbaceous essential oil. After some aeration, white raisins and dried plum powder emerge.<\/p>\n<p>Palate: a refreshing, sake-like sulfur sensation, citrus, leather, smoke, cocoa beans, woody tannins, sweet and salty preserved fruit, dried plum powder, star anise, herbal tea, salty olives, smoked tea duck, chocolate.<\/p>\n<p>Finish: long. Lingering woody tannin astringency, a mingling of lemongrass-tinged sulfur and peaty iodine, tobacco, grass jelly, and a tea-like quality.<\/p>\n<p>\u30fb\u3000\u30fb\u3000\u30fb<\/p>\n<p>In stock, please contact with\u00a0<a href=\"https:\/\/whisky-age.com\/en\/ww-distributors\/\">our distributors<\/a>; or contact us in our facebook group\u00a0<a href=\"https:\/\/www.facebook.com\/groups\/whisky.age\">\u827e\u96f7\u91cd\u64ca\u00a0Whisky AGE\u00a0\u5a01\u58eb\u5fcc\u793e\u5718<\/a>\u00a0.<\/p>\n<p>Welcome to chat with us:\u00a0<a href=\"https:\/\/reurl.cc\/qOR9Xg\">LINE OpenChat\u300a\u827e\u96f7\u91cd\u64ca\u30fb\u805a\u843d\u300b<\/a>\u00a0.<\/p>","protected":false},"excerpt":{"rendered":"<p>\u54c1\u540d Product Name\uff1aSm\u00f6gen 10yo<br \/>\n\u7522\u5340 Region\uff1aSweden<br \/>\n\u88dd\u74f6\u54c1\u724c Bottling Brand\uff1aSm\u00f6gen<br \/>\nDistilled\uff1a-<br \/>\n\u88dd\u74f6\u5e74 Bottled\uff1a2025<br \/>\n\u9ea5\u82bd Malt\uff1aPeated Concerto Barley<br \/>\n\u6876\u578b Cask Type\uff1aOloroso Sherry Hogshead<br \/>\n\u6876\u865f Cask Number\uff1a-<br \/>\n\u7e3d\u88dd\u74f6\u6578 Number of Bottles\uff1a1490<br \/>\n\u5bb9\u91cf Volume\uff1a500 ml<br \/>\nStrength\uff1a51.4%<\/p>","protected":false},"featured_media":16416,"template":"","meta":{"_uag_custom_page_level_css":"","site-sidebar-layout":"default","site-content-layout":"","ast-site-content-layout":"default","site-content-style":"default","site-sidebar-style":"default","ast-global-header-display":"","ast-banner-title-visibility":"","ast-main-header-display":"","ast-hfb-above-header-display":"","ast-hfb-below-header-display":"","ast-hfb-mobile-header-display":"","site-post-title":"","ast-breadcrumbs-content":"","ast-featured-img":"","footer-sml-layout":"","ast-disable-related-posts":"","theme-transparent-header-meta":"default","adv-header-id-meta":"","stick-header-meta":"default","header-above-stick-meta":"","header-main-stick-meta":"","header-below-stick-meta":"","astra-migrate-meta-layouts":"set","ast-page-background-enabled":"default","ast-page-background-meta":{"desktop":{"background-color":"","background-image":"","background-repeat":"repeat","background-position":"center center","background-size":"auto","background-attachment":"scroll","background-type":"","background-media":"","overlay-type":"","overlay-color":"","overlay-opacity":"","overlay-gradient":""},"tablet":{"background-color":"","background-image":"","background-repeat":"repeat","background-position":"center center","background-size":"auto","background-attachment":"scroll","background-type":"","background-media":"","overlay-type":"","overlay-color":"","overlay-opacity":"","overlay-gradient":""},"mobile":{"background-color":"","background-image":"","background-repeat":"repeat","background-position":"center center","background-size":"auto","background-attachment":"scroll","background-type":"","background-media":"","overlay-type":"","overlay-color":"","overlay-opacity":"","overlay-gradient":""}},"ast-content-background-meta":{"desktop":{"background-color":"var(--ast-global-color-5)","background-image":"","background-repeat":"repeat","background-position":"center center","background-size":"auto","background-attachment":"scroll","background-type":"","background-media":"","overlay-type":"","overlay-color":"","overlay-opacity":"","overlay-gradient":""},"tablet":{"background-color":"var(--ast-global-color-5)","background-image":"","background-repeat":"repeat","background-position":"center center","background-size":"auto","background-attachment":"scroll","background-type":"","background-media":"","overlay-type":"","overlay-color":"","overlay-opacity":"","overlay-gradient":""},"mobile":{"background-color":"var(--ast-global-color-5)","background-image":"","background-repeat":"repeat","background-position":"center center","background-size":"auto","background-attachment":"scroll","background-type":"","background-media":"","overlay-type":"","overlay-color":"","overlay-opacity":"","overlay-gradient":""}}},"product_brand":[],"product_cat":[24,738,759,614],"product_tag":[704,770,771,750],"class_list":{"0":"post-16415","1":"product","2":"type-product","3":"status-publish","4":"has-post-thumbnail","6":"product_cat-distributed-brands","7":"product_cat-smogen","8":"product_cat-smogen-","9":"product_cat-sweden","10":"product_tag-10yo","11":"product_tag-770","12":"product_tag-oloroso-sherry-hogshead","13":"product_tag-smogen","14":"desktop-align-left","15":"tablet-align-left","16":"mobile-align-left","17":"ast-product-gallery-layout-horizontal-slider","18":"ast-product-tabs-layout-horizontal","19":"ast-qv-on-image","21":"first","22":"outofstock","23":"shipping-taxable","24":"product-type-simple"},"uagb_featured_image_src":{"full":["https:\/\/whisky-age.com\/wp-content\/uploads\/2025\/06\/Smogen-10-yo_51.4-1.jpg",960,1443,false],"thumbnail":["https:\/\/whisky-age.com\/wp-content\/uploads\/2025\/06\/Smogen-10-yo_51.4-1-150x150.jpg",150,150,true],"medium":["https:\/\/whisky-age.com\/wp-content\/uploads\/2025\/06\/Smogen-10-yo_51.4-1-200x300.jpg",200,300,true],"medium_large":["https:\/\/whisky-age.com\/wp-content\/uploads\/2025\/06\/Smogen-10-yo_51.4-1-768x1154.jpg",768,1154,true],"large":["https:\/\/whisky-age.com\/wp-content\/uploads\/2025\/06\/Smogen-10-yo_51.4-1-681x1024.jpg",681,1024,true],"1536x1536":["https:\/\/whisky-age.com\/wp-content\/uploads\/2025\/06\/Smogen-10-yo_51.4-1.jpg",960,1443,false],"2048x2048":["https:\/\/whisky-age.com\/wp-content\/uploads\/2025\/06\/Smogen-10-yo_51.4-1.jpg",960,1443,false],"trp-custom-language-flag":["https:\/\/whisky-age.com\/wp-content\/uploads\/2025\/06\/Smogen-10-yo_51.4-1-8x12.jpg",8,12,true],"woocommerce_thumbnail":["https:\/\/whisky-age.com\/wp-content\/uploads\/2025\/06\/Smogen-10-yo_51.4-1-300x451.jpg",300,451,true],"woocommerce_single":["https:\/\/whisky-age.com\/wp-content\/uploads\/2025\/06\/Smogen-10-yo_51.4-1-600x902.jpg",600,902,true],"woocommerce_gallery_thumbnail":["https:\/\/whisky-age.com\/wp-content\/uploads\/2025\/06\/Smogen-10-yo_51.4-1-100x100.jpg",100,100,true]},"uagb_author_info":{"display_name":"Whisky AGE","author_link":"https:\/\/whisky-age.com\/en\/author\/"},"uagb_comment_info":0,"uagb_excerpt":"\u54c1\u540d Product Name\uff1aSm\u00f6gen 10yo \u7522\u5340 Region\uff1aSweden \u88dd\u74f6\u54c1\u724c Bottl&hellip;","_links":{"self":[{"href":"https:\/\/whisky-age.com\/en\/wp-json\/wp\/v2\/product\/16415","targetHints":{"allow":["GET"]}}],"collection":[{"href":"https:\/\/whisky-age.com\/en\/wp-json\/wp\/v2\/product"}],"about":[{"href":"https:\/\/whisky-age.com\/en\/wp-json\/wp\/v2\/types\/product"}],"wp:featuredmedia":[{"embeddable":true,"href":"https:\/\/whisky-age.com\/en\/wp-json\/wp\/v2\/media\/16416"}],"wp:attachment":[{"href":"https:\/\/whisky-age.com\/en\/wp-json\/wp\/v2\/media?parent=16415"}],"wp:term":[{"taxonomy":"product_brand","embeddable":true,"href":"https:\/\/whisky-age.com\/en\/wp-json\/wp\/v2\/product_brand?post=16415"},{"taxonomy":"product_cat","embeddable":true,"href":"https:\/\/whisky-age.com\/en\/wp-json\/wp\/v2\/product_cat?post=16415"},{"taxonomy":"product_tag","embeddable":true,"href":"https:\/\/whisky-age.com\/en\/wp-json\/wp\/v2\/product_tag?post=16415"}],"curies":[{"name":"wp","href":"https:\/\/api.w.org\/{rel}","templated":true}]}}