{"id":16409,"date":"2025-06-17T11:43:56","date_gmt":"2025-06-17T03:43:56","guid":{"rendered":"https:\/\/whisky-age.com\/?post_type=product&#038;p=16409"},"modified":"2025-06-17T13:40:39","modified_gmt":"2025-06-17T05:40:39","slug":"smogen-12-yo-distillery-estate-grown-barley-2011-bourbon-sherry-56-6","status":"publish","type":"product","link":"https:\/\/whisky-age.com\/en\/product\/smogen-12-yo-distillery-estate-grown-barley-2011-bourbon-sherry-56-6\/","title":{"rendered":"Sm\u00f6gen 12 yo Distillery Estate grown barley 2011 Bourbon &amp; Sherry 56.6%"},"content":{"rendered":"<p>Sm\u00f6gen, Sm\u00f6gen 12 yo, Distillery Estate grown barley, 2011, 2024, 12yo, Bourbon &amp; Sherry, 56.6%<\/p>\n<p>\u21e8 Whiskyfun: 90\u5206<\/p>\n<p>\u30fb\u3000\u30fb\u3000\u30fb<\/p>\n<p>Nose: lavender, herbal honey, leather, citrus, a touch of coolness, sugarcane juice, floral notes, pickled pineapple, malt, faint smoke.<\/p>\n<p>Palate: sweet and sour pear, citrus essential oil, lemon balm, pepper, fresh wood, coffee beans, dark chocolate, smoky salinity, pleasant raisins, sugarcane juice, vanilla essential oil, pineapple.<\/p>\n<p>Finish: medium-long. Herbal tannins, coffee beans, lingering wood and white pepper, herbal tea sensation, tea-like quality, beautiful smoky notes remaining on the palate.<\/p>\n<p>\u30fb\u3000\u30fb\u3000\u30fb<\/p>\n<p>In stock, please contact with\u00a0<a href=\"https:\/\/whisky-age.com\/en\/ww-distributors\/\">our distributors<\/a>; or contact us in our facebook group\u00a0<a href=\"https:\/\/www.facebook.com\/groups\/whisky.age\">\u827e\u96f7\u91cd\u64ca\u00a0Whisky AGE\u00a0\u5a01\u58eb\u5fcc\u793e\u5718<\/a>\u00a0.<\/p>\n<p>Welcome to chat with us:\u00a0<a href=\"https:\/\/reurl.cc\/qOR9Xg\">LINE OpenChat\u300a\u827e\u96f7\u91cd\u64ca\u30fb\u805a\u843d\u300b<\/a>\u00a0.<\/p>","protected":false},"excerpt":{"rendered":"<p>\u54c1\u540d Product Name\uff1aSm\u00f6gen 12 yo<br \/>\n\u7522\u5340 Region\uff1aSweden<br \/>\n\u88dd\u74f6\u54c1\u724c Bottling Brand\uff1aSm\u00f6gen<br \/>\nDistilled\uff1a2011<br \/>\nBottled\uff1a2024<br \/>\n\u9ea5\u82bd Malt\uff1aDistillery Estate grown barley, peated<br \/>\n\u6876\u578b Cask Type\uff1aBourbon &amp; Sherry<br \/>\n\u6876\u865f Cask Number\uff1a-<br \/>\n\u7e3d\u88dd\u74f6\u6578 Number of Bottles\uff1a1716<br \/>\n\u5bb9\u91cf Volume\uff1a500 ml<br \/>\nStrength\uff1a56.6%<\/p>","protected":false},"featured_media":16410,"template":"","meta":{"_uag_custom_page_level_css":"","site-sidebar-layout":"default","site-content-layout":null,"ast-site-content-layout":"default","site-content-style":"default","site-sidebar-style":"default","ast-global-header-display":"","ast-banner-title-visibility":"","ast-main-header-display":"","ast-hfb-above-header-display":"","ast-hfb-below-header-display":null,"ast-hfb-mobile-header-display":"","site-post-title":"","ast-breadcrumbs-content":null,"ast-featured-img":"","footer-sml-layout":"","ast-disable-related-posts":"","theme-transparent-header-meta":"default","adv-header-id-meta":"","stick-header-meta":"default","header-above-stick-meta":"","header-main-stick-meta":"","header-below-stick-meta":null,"astra-migrate-meta-layouts":"set","ast-page-background-enabled":"default","ast-page-background-meta":{"desktop":{"background-color":"","background-image":"","background-repeat":"repeat","background-position":"center center","background-size":"auto","background-attachment":"scroll","background-type":"","background-media":"","overlay-type":"","overlay-color":"","overlay-opacity":"","overlay-gradient":""},"tablet":{"background-color":"","background-image":"","background-repeat":"repeat","background-position":"center center","background-size":"auto","background-attachment":"scroll","background-type":"","background-media":"","overlay-type":"","overlay-color":"","overlay-opacity":"","overlay-gradient":""},"mobile":{"background-color":"","background-image":"","background-repeat":"repeat","background-position":"center center","background-size":"auto","background-attachment":"scroll","background-type":"","background-media":"","overlay-type":"","overlay-color":"","overlay-opacity":"","overlay-gradient":""}},"ast-content-background-meta":{"desktop":{"background-color":"var(--ast-global-color-5)","background-image":"","background-repeat":"repeat","background-position":"center center","background-size":"auto","background-attachment":"scroll","background-type":"","background-media":"","overlay-type":"","overlay-color":"","overlay-opacity":"","overlay-gradient":""},"tablet":{"background-color":"var(--ast-global-color-5)","background-image":"","background-repeat":"repeat","background-position":"center center","background-size":"auto","background-attachment":"scroll","background-type":"","background-media":"","overlay-type":"","overlay-color":"","overlay-opacity":"","overlay-gradient":""},"mobile":{"background-color":"var(--ast-global-color-5)","background-image":"","background-repeat":"repeat","background-position":"center center","background-size":"auto","background-attachment":"scroll","background-type":"","background-media":"","overlay-type":"","overlay-color":"","overlay-opacity":"","overlay-gradient":""}}},"product_brand":[],"product_cat":[24,144,738,759,614],"product_tag":[706,632,765,764,750],"class_list":{"0":"post-16409","1":"product","2":"type-product","3":"status-publish","4":"has-post-thumbnail","6":"product_cat-distributed-brands","7":"product_cat-in-stock","8":"product_cat-smogen","9":"product_cat-smogen-","10":"product_cat-sweden","11":"product_tag-12yo","12":"product_tag-632","13":"product_tag-bourbon-sherry","14":"product_tag-distillery-estate-grown-barley","15":"product_tag-smogen","16":"desktop-align-left","17":"tablet-align-left","18":"mobile-align-left","19":"ast-product-gallery-layout-horizontal-slider","20":"ast-product-tabs-layout-horizontal","21":"ast-qv-on-image","23":"first","24":"instock","25":"shipping-taxable","26":"purchasable","27":"product-type-simple"},"uagb_featured_image_src":{"full":["https:\/\/whisky-age.com\/wp-content\/uploads\/2025\/06\/Smogen-12-yo-_56.6.jpg",960,1443,false],"thumbnail":["https:\/\/whisky-age.com\/wp-content\/uploads\/2025\/06\/Smogen-12-yo-_56.6-150x150.jpg",150,150,true],"medium":["https:\/\/whisky-age.com\/wp-content\/uploads\/2025\/06\/Smogen-12-yo-_56.6-200x300.jpg",200,300,true],"medium_large":["https:\/\/whisky-age.com\/wp-content\/uploads\/2025\/06\/Smogen-12-yo-_56.6-768x1154.jpg",768,1154,true],"large":["https:\/\/whisky-age.com\/wp-content\/uploads\/2025\/06\/Smogen-12-yo-_56.6-681x1024.jpg",681,1024,true],"1536x1536":["https:\/\/whisky-age.com\/wp-content\/uploads\/2025\/06\/Smogen-12-yo-_56.6.jpg",960,1443,false],"2048x2048":["https:\/\/whisky-age.com\/wp-content\/uploads\/2025\/06\/Smogen-12-yo-_56.6.jpg",960,1443,false],"trp-custom-language-flag":["https:\/\/whisky-age.com\/wp-content\/uploads\/2025\/06\/Smogen-12-yo-_56.6-8x12.jpg",8,12,true],"woocommerce_thumbnail":["https:\/\/whisky-age.com\/wp-content\/uploads\/2025\/06\/Smogen-12-yo-_56.6-300x451.jpg",300,451,true],"woocommerce_single":["https:\/\/whisky-age.com\/wp-content\/uploads\/2025\/06\/Smogen-12-yo-_56.6-600x902.jpg",600,902,true],"woocommerce_gallery_thumbnail":["https:\/\/whisky-age.com\/wp-content\/uploads\/2025\/06\/Smogen-12-yo-_56.6-100x100.jpg",100,100,true]},"uagb_author_info":{"display_name":"Whisky AGE","author_link":"https:\/\/whisky-age.com\/en\/author\/"},"uagb_comment_info":0,"uagb_excerpt":"\u54c1\u540d Product Name\uff1aSm\u00f6gen 12 yo \u7522\u5340 Region\uff1aSweden \u88dd\u74f6\u54c1\u724c Bott&hellip;","_links":{"self":[{"href":"https:\/\/whisky-age.com\/en\/wp-json\/wp\/v2\/product\/16409","targetHints":{"allow":["GET"]}}],"collection":[{"href":"https:\/\/whisky-age.com\/en\/wp-json\/wp\/v2\/product"}],"about":[{"href":"https:\/\/whisky-age.com\/en\/wp-json\/wp\/v2\/types\/product"}],"wp:featuredmedia":[{"embeddable":true,"href":"https:\/\/whisky-age.com\/en\/wp-json\/wp\/v2\/media\/16410"}],"wp:attachment":[{"href":"https:\/\/whisky-age.com\/en\/wp-json\/wp\/v2\/media?parent=16409"}],"wp:term":[{"taxonomy":"product_brand","embeddable":true,"href":"https:\/\/whisky-age.com\/en\/wp-json\/wp\/v2\/product_brand?post=16409"},{"taxonomy":"product_cat","embeddable":true,"href":"https:\/\/whisky-age.com\/en\/wp-json\/wp\/v2\/product_cat?post=16409"},{"taxonomy":"product_tag","embeddable":true,"href":"https:\/\/whisky-age.com\/en\/wp-json\/wp\/v2\/product_tag?post=16409"}],"curies":[{"name":"wp","href":"https:\/\/api.w.org\/{rel}","templated":true}]}}