{"id":16356,"date":"2025-06-03T11:00:56","date_gmt":"2025-06-03T03:00:56","guid":{"rendered":"https:\/\/whisky-age.com\/?post_type=product&#038;p=16356"},"modified":"2025-10-20T16:57:33","modified_gmt":"2025-10-20T08:57:33","slug":"smogen-single-cask-11-yo-exclusively-bottled-for-the-whisky-blues-2014-11yo-60","status":"publish","type":"product","link":"https:\/\/whisky-age.com\/en\/product\/smogen-single-cask-11-yo-exclusively-bottled-for-the-whisky-blues-2014-11yo-60\/","title":{"rendered":"Sm\u00f6gen Single cask 11 yo exclusively bottled for The Whisky Blues 2014 11yo 60%"},"content":{"rendered":"<p>Sm\u00f6gen, Sm\u00f6gen Single cask 11 yo, exclusively bottled for The Whisky Blues, peated concerto, 2014, 2025, 11yo, 1st Fill ex bourbon barrel, 60%<\/p>\n<p>\u30fb\u3000\u30fb\u3000\u30fb<\/p>\n<p>Nose: medium-light smokiness with a salty sea breeze, fresh corn, mineral notes, a cooling touch of herbal essential oil, cardamom, ginger, and a hint of tea.<\/p>\n<p>Palate: sweet and powerful, with notes of orange, white grape, green apple, smoke, light fresh wood, licorice, stevia, ginseng, mung bean soup, herbal tones, and nuts.<\/p>\n<p>Finish: medium to long. Lingering sweetness, citrus peel, a hint of herbal astringency, ashes, sweet-salty woodiness, and cardamom.<\/p>\n<p>\u30fb\u3000\u30fb\u3000\u30fb<\/p>\n<p>In stock, please contact with\u00a0<a href=\"https:\/\/whisky-age.com\/en\/ww-distributors\/\">our distributors<\/a>; or contact us in our facebook group\u00a0<a href=\"https:\/\/www.facebook.com\/groups\/whisky.age\">\u827e\u96f7\u91cd\u64ca\u00a0Whisky AGE\u00a0\u5a01\u58eb\u5fcc\u793e\u5718<\/a>\u00a0.<\/p>\n<p>Welcome to chat with us:\u00a0<a href=\"https:\/\/reurl.cc\/qOR9Xg\">LINE OpenChat\u300a\u827e\u96f7\u91cd\u64ca\u30fb\u805a\u843d\u300b<\/a>\u00a0.<\/p>","protected":false},"excerpt":{"rendered":"<p>\u54c1\u540d Product Name\uff1aSm\u00f6gen Single cask 11 yo exclusively bottled for The Whisky Blues<br \/>\n\u7522\u5340 Region\uff1aSweden<br \/>\n\u88dd\u74f6\u54c1\u724c Bottling Brand\uff1aSm\u00f6gen<br \/>\nDistilled\uff1a2014<br \/>\n\u88dd\u74f6\u5e74 Bottled\uff1a2025<br \/>\n\u9ea5\u82bd Malt\uff1aPeated Optic\uff0850+ppm\uff09<br \/>\n\u6876\u578b Cask Type\uff1a1st Fill ex bourbon barrel<br \/>\n\u6876\u865f Cask Number\uff1a#12<br \/>\nNumber of Bottles\uff1a280<br \/>\n\u5bb9\u91cf Volume\uff1a500 ml<br \/>\n\u9152\u7cbe\u6fc3\u5ea6 Strength\uff1a60.0%<\/p>","protected":false},"featured_media":16358,"template":"","meta":{"_uag_custom_page_level_css":"","site-sidebar-layout":"default","site-content-layout":"","ast-site-content-layout":"default","site-content-style":"default","site-sidebar-style":"default","ast-global-header-display":"","ast-banner-title-visibility":"","ast-main-header-display":"","ast-hfb-above-header-display":"","ast-hfb-below-header-display":"","ast-hfb-mobile-header-display":"","site-post-title":"","ast-breadcrumbs-content":"","ast-featured-img":"","footer-sml-layout":"","ast-disable-related-posts":"","theme-transparent-header-meta":"default","adv-header-id-meta":"","stick-header-meta":"default","header-above-stick-meta":"","header-main-stick-meta":"","header-below-stick-meta":"","astra-migrate-meta-layouts":"set","ast-page-background-enabled":"default","ast-page-background-meta":{"desktop":{"background-color":"","background-image":"","background-repeat":"repeat","background-position":"center center","background-size":"auto","background-attachment":"scroll","background-type":"","background-media":"","overlay-type":"","overlay-color":"","overlay-opacity":"","overlay-gradient":""},"tablet":{"background-color":"","background-image":"","background-repeat":"repeat","background-position":"center center","background-size":"auto","background-attachment":"scroll","background-type":"","background-media":"","overlay-type":"","overlay-color":"","overlay-opacity":"","overlay-gradient":""},"mobile":{"background-color":"","background-image":"","background-repeat":"repeat","background-position":"center center","background-size":"auto","background-attachment":"scroll","background-type":"","background-media":"","overlay-type":"","overlay-color":"","overlay-opacity":"","overlay-gradient":""}},"ast-content-background-meta":{"desktop":{"background-color":"var(--ast-global-color-5)","background-image":"","background-repeat":"repeat","background-position":"center center","background-size":"auto","background-attachment":"scroll","background-type":"","background-media":"","overlay-type":"","overlay-color":"","overlay-opacity":"","overlay-gradient":""},"tablet":{"background-color":"var(--ast-global-color-5)","background-image":"","background-repeat":"repeat","background-position":"center center","background-size":"auto","background-attachment":"scroll","background-type":"","background-media":"","overlay-type":"","overlay-color":"","overlay-opacity":"","overlay-gradient":""},"mobile":{"background-color":"var(--ast-global-color-5)","background-image":"","background-repeat":"repeat","background-position":"center center","background-size":"auto","background-attachment":"scroll","background-type":"","background-media":"","overlay-type":"","overlay-color":"","overlay-opacity":"","overlay-gradient":""}}},"product_brand":[],"product_cat":[144,738,759,614,137],"product_tag":[752,755,753,754,751,750],"class_list":{"0":"post-16356","1":"product","2":"type-product","3":"status-publish","4":"has-post-thumbnail","6":"product_cat-in-stock","7":"product_cat-smogen","8":"product_cat-smogen-","9":"product_cat-sweden","10":"product_cat-the-whisky-blues","11":"product_tag-11-yo","12":"product_tag-1st-fill-ex-bourbon-barrel","13":"product_tag-exclusively-bottled-for-the-whisky-blues","14":"product_tag-peated-concerto","15":"product_tag-single-cask","16":"product_tag-smogen","17":"desktop-align-left","18":"tablet-align-left","19":"mobile-align-left","20":"ast-product-gallery-layout-horizontal-slider","21":"ast-product-tabs-layout-horizontal","22":"ast-qv-on-image","24":"first","25":"instock","26":"shipping-taxable","27":"purchasable","28":"product-type-simple"},"uagb_featured_image_src":{"full":["https:\/\/whisky-age.com\/wp-content\/uploads\/2025\/06\/Smogen-Single-Cask-11-yo_TWA.jpg",960,1443,false],"thumbnail":["https:\/\/whisky-age.com\/wp-content\/uploads\/2025\/06\/Smogen-Single-Cask-11-yo_TWA-150x150.jpg",150,150,true],"medium":["https:\/\/whisky-age.com\/wp-content\/uploads\/2025\/06\/Smogen-Single-Cask-11-yo_TWA-200x300.jpg",200,300,true],"medium_large":["https:\/\/whisky-age.com\/wp-content\/uploads\/2025\/06\/Smogen-Single-Cask-11-yo_TWA-768x1154.jpg",768,1154,true],"large":["https:\/\/whisky-age.com\/wp-content\/uploads\/2025\/06\/Smogen-Single-Cask-11-yo_TWA-681x1024.jpg",681,1024,true],"1536x1536":["https:\/\/whisky-age.com\/wp-content\/uploads\/2025\/06\/Smogen-Single-Cask-11-yo_TWA.jpg",960,1443,false],"2048x2048":["https:\/\/whisky-age.com\/wp-content\/uploads\/2025\/06\/Smogen-Single-Cask-11-yo_TWA.jpg",960,1443,false],"trp-custom-language-flag":["https:\/\/whisky-age.com\/wp-content\/uploads\/2025\/06\/Smogen-Single-Cask-11-yo_TWA-8x12.jpg",8,12,true],"woocommerce_thumbnail":["https:\/\/whisky-age.com\/wp-content\/uploads\/2025\/06\/Smogen-Single-Cask-11-yo_TWA-300x451.jpg",300,451,true],"woocommerce_single":["https:\/\/whisky-age.com\/wp-content\/uploads\/2025\/06\/Smogen-Single-Cask-11-yo_TWA-600x902.jpg",600,902,true],"woocommerce_gallery_thumbnail":["https:\/\/whisky-age.com\/wp-content\/uploads\/2025\/06\/Smogen-Single-Cask-11-yo_TWA-100x100.jpg",100,100,true]},"uagb_author_info":{"display_name":"Whisky AGE","author_link":"https:\/\/whisky-age.com\/en\/author\/"},"uagb_comment_info":0,"uagb_excerpt":"\u54c1\u540d Product Name\uff1aSm\u00f6gen Single cask 11 yo exclusively bo&hellip;","_links":{"self":[{"href":"https:\/\/whisky-age.com\/en\/wp-json\/wp\/v2\/product\/16356","targetHints":{"allow":["GET"]}}],"collection":[{"href":"https:\/\/whisky-age.com\/en\/wp-json\/wp\/v2\/product"}],"about":[{"href":"https:\/\/whisky-age.com\/en\/wp-json\/wp\/v2\/types\/product"}],"wp:featuredmedia":[{"embeddable":true,"href":"https:\/\/whisky-age.com\/en\/wp-json\/wp\/v2\/media\/16358"}],"wp:attachment":[{"href":"https:\/\/whisky-age.com\/en\/wp-json\/wp\/v2\/media?parent=16356"}],"wp:term":[{"taxonomy":"product_brand","embeddable":true,"href":"https:\/\/whisky-age.com\/en\/wp-json\/wp\/v2\/product_brand?post=16356"},{"taxonomy":"product_cat","embeddable":true,"href":"https:\/\/whisky-age.com\/en\/wp-json\/wp\/v2\/product_cat?post=16356"},{"taxonomy":"product_tag","embeddable":true,"href":"https:\/\/whisky-age.com\/en\/wp-json\/wp\/v2\/product_tag?post=16356"}],"curies":[{"name":"wp","href":"https:\/\/api.w.org\/{rel}","templated":true}]}}